{"id":150,"date":"2025-08-03T20:01:52","date_gmt":"2025-08-03T20:01:52","guid":{"rendered":"https:\/\/evisacan.com\/privacy-policy-2\/"},"modified":"2025-08-06T17:01:42","modified_gmt":"2025-08-06T17:01:42","slug":"privacy-policy-2","status":"publish","type":"page","link":"https:\/\/evisacan.com\/fr\/privacy-policy-2\/","title":{"rendered":"Politique de confidentialit\u00e9"},"content":{"rendered":"<div data-elementor-type=\"wp-page\" data-elementor-id=\"150\" class=\"elementor elementor-150\" data-elementor-post-type=\"page\">\n\t\t\t\t<div class=\"elementor-element elementor-element-63598d63 e-flex e-con-boxed e-con e-parent\" data-id=\"63598d63\" data-element_type=\"container\" data-e-type=\"container\">\n\t\t\t\t\t<div class=\"e-con-inner\">\n\t\t\t\t<div class=\"elementor-element elementor-element-3bcbdc41 elementor-view-stacked elementor-position-inline-start elementor-shape-circle elementor-mobile-position-block-start elementor-widget elementor-widget-icon-box\" data-id=\"3bcbdc41\" data-element_type=\"widget\" data-e-type=\"widget\" data-widget_type=\"icon-box.default\">\n\t\t\t\t\t\t\t<div class=\"elementor-icon-box-wrapper\">\n\n\t\t\t\t\t\t<div class=\"elementor-icon-box-icon\">\n\t\t\t\t<span  class=\"elementor-icon\">\n\t\t\t\t<svg aria-hidden=\"true\" class=\"e-font-icon-svg e-far-circle\" viewbox=\"0 0 512 512\" xmlns=\"http:\/\/www.w3.org\/2000\/svg\"><path d=\"M256 8C119 8 8 119 8 256s111 248 248 248 248-111 248-248S393 8 256 8zm0 448c-110.5 0-200-89.5-200-200S145.5 56 256 56s200 89.5 200 200-89.5 200-200 200z\"><\/path><\/svg>\t\t\t\t<\/span>\n\t\t\t<\/div>\n\t\t\t\n\t\t\t\t\t\t<div class=\"elementor-icon-box-content\">\n\n\t\t\t\t\t\t\t\t\t<h3 class=\"elementor-icon-box-title\">\n\t\t\t\t\t\t<span  >\n\t\t\t\t\t\t\tPolitique de confidentialit\u00e9\t\t\t\t\t\t<\/span>\n\t\t\t\t\t<\/h3>\n\t\t\t\t\n\t\t\t\t\n\t\t\t<\/div>\n\t\t\t\n\t\t<\/div>\n\t\t\t\t\t\t<\/div>\n\t\t<div class=\"elementor-element elementor-element-5e2d5bd7 e-con-full e-flex e-con e-child\" data-id=\"5e2d5bd7\" data-element_type=\"container\" data-e-type=\"container\" data-settings=\"{&quot;background_background&quot;:&quot;classic&quot;}\">\n\t\t\t\t<div class=\"elementor-element elementor-element-36219cab elementor-widget elementor-widget-text-editor\" data-id=\"36219cab\" data-element_type=\"widget\" data-e-type=\"widget\" data-widget_type=\"text-editor.default\">\n\t\t\t\t\t\t\t\t\t<p data-start=\"302\" data-end=\"697\"><strong>Avis important : <\/strong><br \/>Sebe Inc. fonctionne comme une plateforme de demande ind\u00e9pendante et n'est pas affili\u00e9e au gouvernement du Canada. Les voyageurs peuvent choisir de faire leur demande d'eTA directement sur le site officiel du gouvernement, sans utiliser notre plateforme ni encourir de frais li\u00e9s au service.<\/p>\t\t\t\t\t\t\t\t<\/div>\n\t\t\t\t<\/div>\n\t\t<div class=\"elementor-element elementor-element-265cdb22 e-con-full e-flex e-con e-child\" data-id=\"265cdb22\" data-element_type=\"container\" data-e-type=\"container\" data-settings=\"{&quot;background_background&quot;:&quot;classic&quot;}\">\n\t\t\t\t<div class=\"elementor-element elementor-element-21752aa0 elementor-widget elementor-widget-text-editor\" data-id=\"21752aa0\" data-element_type=\"widget\" data-e-type=\"widget\" data-widget_type=\"text-editor.default\">\n\t\t\t\t\t\t\t\t\t<p>Mise \u00e0 jour : 21 juin 2025<\/p>\t\t\t\t\t\t\t\t<\/div>\n\t\t\t\t<div class=\"elementor-element elementor-element-514503d5 elementor-widget elementor-widget-text-editor\" data-id=\"514503d5\" data-element_type=\"widget\" data-e-type=\"widget\" data-widget_type=\"text-editor.default\">\n\t\t\t\t\t\t\t\t\t<p data-start=\"533\" data-end=\"869\">La pr\u00e9sente politique de confidentialit\u00e9 explique comment <strong data-start=\"566\" data-end=\"578\">Sebe Inc<\/strong> (\"nous\", \"notre\" ou \"l'entreprise\") recueille, traite, partage et prot\u00e8ge les informations personnelles lorsque les utilisateurs acc\u00e8dent \u00e0 notre site web ou s'y engagent, <a class=\"\" href=\"https:\/\/evisacan.com\/fr\/\" target=\"_new\" rel=\"noopener\" data-start=\"722\" data-end=\"774\">https:\/\/evisacan.com<\/a>. En utilisant notre plateforme ou nos services, vous reconnaissez et acceptez les pratiques d\u00e9crites ici.<\/p>\n<hr data-start=\"871\" data-end=\"874\">\n<h3 data-start=\"876\" data-end=\"900\">1. A propos de l'entreprise<\/h3>\n<p data-start=\"902\" data-end=\"1169\"><strong data-start=\"902\" data-end=\"914\">Sebe Inc<\/strong> est une soci\u00e9t\u00e9 canadienne priv\u00e9e qui offre un soutien num\u00e9rique facultatif aux personnes souhaitant d\u00e9poser une demande d'asile. <strong data-start=\"1028\" data-end=\"1076\">Autorisation de voyage \u00e9lectronique du Canada (eTA)<\/strong>. Nous ne sommes pas affili\u00e9s au gouvernement du Canada, ni approuv\u00e9s par lui, ni g\u00e9r\u00e9s en son nom.&nbsp;<span style=\"font-size: 1rem;\">L'adresse de notre bureau est la suivante&nbsp;<\/span><strong style=\"font-size: 1rem;\" data-start=\"1198\" data-end=\"1243\">51 Lorridge St, Richmond Hill, ON, Canada<\/strong><\/p>\n<hr data-start=\"1245\" data-end=\"1248\">\n<h3 data-start=\"1250\" data-end=\"1279\">2. Les informations que nous collectons<\/h3>\n<p data-start=\"1281\" data-end=\"1467\">Lorsque vous interagissez avec notre site web ou nos services, nous pouvons collecter des donn\u00e9es personnelles sp\u00e9cifiques afin de fournir nos services de mani\u00e8re efficace et conform\u00e9ment aux r\u00e9glementations en mati\u00e8re de protection de la vie priv\u00e9e applicables au Canada.<\/p>\n<p data-start=\"1469\" data-end=\"1521\">Les cat\u00e9gories d'informations que nous pouvons recueillir sont les suivantes :<\/p>\n<ul data-start=\"1523\" data-end=\"2068\">\n<li data-start=\"1523\" data-end=\"1616\">\n<p data-start=\"1525\" data-end=\"1616\"><strong data-start=\"1525\" data-end=\"1552\">Identification personnelle<\/strong>: Nom l\u00e9gal complet, nationalit\u00e9, date de naissance et num\u00e9ro de passeport<\/p>\n<\/li>\n<li data-start=\"1617\" data-end=\"1709\">\n<p data-start=\"1619\" data-end=\"1709\"><strong data-start=\"1619\" data-end=\"1642\">Informations sur le contact<\/strong>: Adresse \u00e9lectronique, num\u00e9ro de t\u00e9l\u00e9phone, adresse r\u00e9sidentielle ou postale<\/p>\n<\/li>\n<li data-start=\"1710\" data-end=\"1801\">\n<p data-start=\"1712\" data-end=\"1801\"><strong data-start=\"1712\" data-end=\"1734\">Informations sur les voyages<\/strong>: Objet du voyage, dates pr\u00e9vues du voyage et d\u00e9tails de la destination<\/p>\n<\/li>\n<li data-start=\"1802\" data-end=\"1923\">\n<p data-start=\"1804\" data-end=\"1923\"><strong data-start=\"1804\" data-end=\"1827\">R\u00e9f\u00e9rences de paiement<\/strong>: Informations relatives aux cartes de cr\u00e9dit ou de d\u00e9bit (trait\u00e9es par des plateformes de paiement tierces crypt\u00e9es)<\/p>\n<\/li>\n<li data-start=\"1924\" data-end=\"2068\">\n<p data-start=\"1926\" data-end=\"2068\"><strong data-start=\"1926\" data-end=\"1954\">Donn\u00e9es techniques et d'utilisation<\/strong>: Adresse IP, type de navigateur, syst\u00e8me d'exploitation, identifiants de l'appareil et journaux d'activit\u00e9 via des cookies ou des outils d'analyse.<\/p>\n<\/li>\n<\/ul>\n<p data-start=\"2070\" data-end=\"2149\">Nous ne collectons pas sciemment de donn\u00e9es personnelles aupr\u00e8s de personnes \u00e2g\u00e9es de moins de 18 ans.<\/p>\n<hr data-start=\"2151\" data-end=\"2154\">\n<h3 data-start=\"2156\" data-end=\"2184\">3. Finalit\u00e9 de l'utilisation des donn\u00e9es<\/h3>\n<p data-start=\"2186\" data-end=\"2271\">Nous utilisons vos informations uniquement \u00e0 des fins op\u00e9rationnelles et juridiques, ce qui peut inclure :<\/p>\n<ul data-start=\"2273\" data-end=\"2595\">\n<li data-start=\"2273\" data-end=\"2346\">\n<p data-start=\"2275\" data-end=\"2346\">Aide \u00e0 la pr\u00e9paration et \u00e0 la soumission de votre demande d'eTA<\/p>\n<\/li>\n<li data-start=\"2347\" data-end=\"2409\">\n<p data-start=\"2349\" data-end=\"2409\">Envoi de re\u00e7us, de confirmations et de notifications de service<\/p>\n<\/li>\n<li data-start=\"2410\" data-end=\"2468\">\n<p data-start=\"2412\" data-end=\"2468\">R\u00e9pondre aux demandes de renseignements ou fournir une assistance technique<\/p>\n<\/li>\n<li data-start=\"2469\" data-end=\"2529\">\n<p data-start=\"2471\" data-end=\"2529\">Contr\u00f4le des performances, de la fonctionnalit\u00e9 et de la s\u00e9curit\u00e9 du site<\/p>\n<\/li>\n<li data-start=\"2530\" data-end=\"2595\">\n<p data-start=\"2532\" data-end=\"2595\">se conformer aux obligations l\u00e9gales, fiscales ou r\u00e9glementaires applicables<\/p>\n<\/li>\n<\/ul>\n<p data-start=\"2597\" data-end=\"2755\">Notre traitement des donn\u00e9es repose sur des bases juridiques telles que la n\u00e9cessit\u00e9 contractuelle, l'int\u00e9r\u00eat l\u00e9gitime, le consentement (le cas \u00e9ch\u00e9ant) et le respect des obligations l\u00e9gales.<\/p>\n<hr data-start=\"2757\" data-end=\"2760\">\n<h3 data-start=\"2762\" data-end=\"2802\">4. Divulgation des donn\u00e9es et tiers<\/h3>\n<p data-start=\"2804\" data-end=\"2964\">Nous pouvons partager vos informations avec des entit\u00e9s tierces soigneusement s\u00e9lectionn\u00e9es dans le seul but de fournir ou de soutenir nos services. Il peut s'agir de<\/p>\n<ul data-start=\"2966\" data-end=\"3222\">\n<li data-start=\"2966\" data-end=\"3036\">\n<p data-start=\"2968\" data-end=\"3036\"><strong data-start=\"2968\" data-end=\"3004\">Autorit\u00e9s canadiennes de l'immigration<\/strong>, pour transmettre votre demande<\/p>\n<\/li>\n<li data-start=\"3037\" data-end=\"3099\">\n<p data-start=\"3039\" data-end=\"3099\"><strong data-start=\"3039\" data-end=\"3061\">Processeurs de paiement<\/strong>pour effectuer des transactions financi\u00e8res<\/p>\n<\/li>\n<li data-start=\"3100\" data-end=\"3222\">\n<p data-start=\"3102\" data-end=\"3222\"><strong data-start=\"3102\" data-end=\"3121\">Fournisseurs de services<\/strong>y compris les fournisseurs d'infrastructure, les plateformes en nuage, les outils d'analyse ou les syst\u00e8mes de distribution de courrier \u00e9lectronique<\/p>\n<\/li>\n<\/ul>\n<p data-start=\"3224\" data-end=\"3414\">Nous ne vendons ni ne louons en aucun cas vos informations personnelles. Tous les prestataires de services engag\u00e9s sont contractuellement tenus d'adh\u00e9rer aux normes de confidentialit\u00e9 et de s\u00e9curit\u00e9 des donn\u00e9es.<\/p>\n<hr data-start=\"3416\" data-end=\"3419\">\n<h3 data-start=\"3421\" data-end=\"3456\">5. S\u00e9curit\u00e9 et protection des donn\u00e9es<\/h3>\n<p data-start=\"3458\" data-end=\"3612\">Nous mettons en \u0153uvre des pratiques de s\u00e9curit\u00e9 conformes aux normes industrielles afin de r\u00e9duire le risque d'acc\u00e8s non autoris\u00e9, d'alt\u00e9ration ou de perte de donn\u00e9es \u00e0 caract\u00e8re personnel. Ces mesures comprennent<\/p>\n<ul data-start=\"3614\" data-end=\"3842\">\n<li data-start=\"3614\" data-end=\"3669\">\n<p data-start=\"3616\" data-end=\"3669\">Protocoles de communication et de transfert de donn\u00e9es crypt\u00e9s<\/p>\n<\/li>\n<li data-start=\"3670\" data-end=\"3726\">\n<p data-start=\"3672\" data-end=\"3726\">Acc\u00e8s interne contr\u00f4l\u00e9 en fonction du r\u00f4le ou de la fonction<\/p>\n<\/li>\n<li data-start=\"3727\" data-end=\"3778\">\n<p data-start=\"3729\" data-end=\"3778\">Environnements d'h\u00e9bergement s\u00e9curis\u00e9s et prot\u00e9g\u00e9s par un pare-feu<\/p>\n<\/li>\n<li data-start=\"3779\" data-end=\"3842\">\n<p data-start=\"3781\" data-end=\"3842\">Examens et audits p\u00e9riodiques de nos proc\u00e9dures de protection des donn\u00e9es<\/p>\n<\/li>\n<\/ul>\n<p data-start=\"3844\" data-end=\"3930\">Bien que nous prenions des pr\u00e9cautions importantes, aucune plateforme num\u00e9rique ne peut garantir une s\u00e9curit\u00e9 absolue.<\/p>\n<hr data-start=\"3932\" data-end=\"3935\">\n<h3 data-start=\"3937\" data-end=\"3965\">6. Politique de conservation des donn\u00e9es<\/h3>\n<p data-start=\"3967\" data-end=\"4256\">Vos donn\u00e9es personnelles ne seront conserv\u00e9es qu'aussi longtemps que n\u00e9cessaire pour atteindre les objectifs d\u00e9crits dans la pr\u00e9sente politique, ou que l'exigent les cadres juridiques applicables. \u00c0 l'expiration des p\u00e9riodes de conservation, les donn\u00e9es seront soit supprim\u00e9es en toute s\u00e9curit\u00e9, soit rendues anonymes conform\u00e9ment aux meilleures pratiques.<\/p>\n<hr data-start=\"4258\" data-end=\"4261\">\n<h3 data-start=\"4263\" data-end=\"4293\">7. Vos droits et vos choix<\/h3>\n<p data-start=\"4295\" data-end=\"4419\">Selon votre lieu de r\u00e9sidence, vous pouvez \u00eatre autoris\u00e9 \u00e0 exercer des droits concernant vos informations personnelles, y compris :<\/p>\n<ul data-start=\"4421\" data-end=\"4761\">\n<li data-start=\"4421\" data-end=\"4461\">\n<p data-start=\"4423\" data-end=\"4461\">Acc\u00e8s \u00e0 une copie de vos donn\u00e9es stock\u00e9es<\/p>\n<\/li>\n<li data-start=\"4462\" data-end=\"4515\">\n<p data-start=\"4464\" data-end=\"4515\">Demander des corrections ou des mises \u00e0 jour de vos dossiers<\/p>\n<\/li>\n<li data-start=\"4516\" data-end=\"4574\">\n<p data-start=\"4518\" data-end=\"4574\">Demander la suppression ou la restriction de vos informations<\/p>\n<\/li>\n<li data-start=\"4575\" data-end=\"4618\">\n<p data-start=\"4577\" data-end=\"4618\">S'opposer \u00e0 des utilisations sp\u00e9cifiques de vos donn\u00e9es<\/p>\n<\/li>\n<li data-start=\"4619\" data-end=\"4684\">\n<p data-start=\"4621\" data-end=\"4684\">Retrait du consentement lorsque le consentement est la base du traitement<\/p>\n<\/li>\n<li data-start=\"4685\" data-end=\"4761\">\n<p data-start=\"4687\" data-end=\"4761\">D\u00e9p\u00f4t d'une plainte officielle aupr\u00e8s d'un organisme de r\u00e9glementation ou de surveillance de la vie priv\u00e9e<\/p>\n<\/li>\n<\/ul>\n<p data-start=\"4763\" data-end=\"5025\">Les utilisateurs situ\u00e9s dans le <strong data-start=\"4784\" data-end=\"4816\">Espace \u00e9conomique europ\u00e9en (EEE)<\/strong>, le <strong data-start=\"4822\" data-end=\"4840\">Royaume-Uni<\/strong>ou le <strong data-start=\"4849\" data-end=\"4872\">\u00c9tat de Californie<\/strong> peuvent b\u00e9n\u00e9ficier de droits suppl\u00e9mentaires en vertu de lois telles que la <strong data-start=\"4933\" data-end=\"4978\">R\u00e8glement g\u00e9n\u00e9ral sur la protection des donn\u00e9es (RGPD)<\/strong> ou <strong data-start=\"4982\" data-end=\"5024\">Loi californienne sur la protection de la vie priv\u00e9e des consommateurs (CCPA)<\/strong>.<\/p>\n<p data-start=\"5027\" data-end=\"5171\">Pour exercer l'un des droits susmentionn\u00e9s, veuillez nous contacter en utilisant les coordonn\u00e9es indiqu\u00e9es ci-dessous. Il se peut que nous demandions une v\u00e9rification d'identit\u00e9 avant de proc\u00e9der.<\/p>\n<hr data-start=\"5173\" data-end=\"5176\">\n<h3 data-start=\"5178\" data-end=\"5220\">8. Utilisation de cookies et d'outils d'analyse<\/h3>\n<p data-start=\"5222\" data-end=\"5418\">Nous utilisons des cookies et des technologies similaires pour am\u00e9liorer la fonctionnalit\u00e9, contr\u00f4ler l'engagement et am\u00e9liorer l'exp\u00e9rience de l'utilisateur. Vous pouvez contr\u00f4ler les pr\u00e9f\u00e9rences en mati\u00e8re de cookies directement dans les param\u00e8tres de votre navigateur web.<\/p>\n<p data-start=\"5420\" data-end=\"5674\">Nous pouvons \u00e9galement utiliser des outils anonymes de suivi de l'utilisation du site web par le biais de services tels que Google Analytics, qui recueillent des informations telles que la localisation des visiteurs, leurs habitudes de navigation et la dur\u00e9e de leur session. Pour plus d'informations sur ces outils, veuillez vous r\u00e9f\u00e9rer \u00e0 notre site web.&nbsp;<a href=\"https:\/\/evisacan.com\/fr\/cookie-policy-2\/\" target=\"_blank\">Politique en mati\u00e8re de cookies<\/a>.<\/p>\n<hr data-start=\"5676\" data-end=\"5679\">\n<h3 data-start=\"5681\" data-end=\"5712\">9. R\u00e9visions de la pr\u00e9sente politique<\/h3>\n<p data-start=\"5714\" data-end=\"5960\">Nous pouvons mettre \u00e0 jour ou modifier la pr\u00e9sente politique de protection de la vie priv\u00e9e de temps \u00e0 autre pour tenir compte des changements l\u00e9gislatifs, des mises \u00e0 jour op\u00e9rationnelles ou des avanc\u00e9es technologiques. La version la plus r\u00e9cente sera toujours publi\u00e9e sur cette page, avec la date de r\u00e9vision clairement indiqu\u00e9e.<\/p>\n<p data-start=\"5962\" data-end=\"6060\">En continuant \u00e0 utiliser le site apr\u00e8s toute modification, vous acceptez les conditions r\u00e9vis\u00e9es.<\/p>\n<hr data-start=\"6062\" data-end=\"6065\">\n<h3 data-start=\"6067\" data-end=\"6088\">10. Nous contacter<\/h3>\n<p data-start=\"6090\" data-end=\"6194\">Si vous avez des questions ou des pr\u00e9occupations concernant la pr\u00e9sente politique de confidentialit\u00e9 ou vos donn\u00e9es \u00e0 caract\u00e8re personnel, veuillez nous contacter \u00e0 l'adresse suivante<\/p>\n<p data-start=\"6196\" data-end=\"6310\"><strong data-start=\"6196\" data-end=\"6208\">Sebe Inc<\/strong><br data-start=\"6208\" data-end=\"6211\">51 Lorridge St<br data-start=\"6225\" data-end=\"6228\">Richmond Hill, ON<br data-start=\"6245\" data-end=\"6248\">T\u00e9l\u00e9phone : <strong data-start=\"6255\" data-end=\"6276\">+1 (613) 510 1143<\/strong><br data-start=\"6276\" data-end=\"6279\">Courriel : <strong data-start=\"6286\" data-end=\"6310\"><a class=\"cursor-pointer\" rel=\"noopener\" data-start=\"6288\" data-end=\"6308\">support@evisacan.com<\/a><\/strong><\/p>\t\t\t\t\t\t\t\t<\/div>\n\t\t\t\t<\/div>\n\t\t\t\t\t<\/div>\n\t\t\t\t<\/div>\n\t\t\t\t<\/div>","protected":false},"excerpt":{"rendered":"<p>Privacy Policy Important Notice: Sebe Inc. operates as an independent application platform and is not affiliated with the Government of Canada. Travelers may choose to apply for their Canada eTA directly through the official government website at without utilizing our platform or incurring any service-related fees. Updated: June 21, 2025 This Privacy Policy explains how [&hellip;]<\/p>","protected":false},"author":1,"featured_media":0,"parent":0,"menu_order":0,"comment_status":"closed","ping_status":"closed","template":"","meta":{"footnotes":""},"class_list":["post-150","page","type-page","status-publish","hentry"],"_links":{"self":[{"href":"https:\/\/evisacan.com\/fr\/wp-json\/wp\/v2\/pages\/150","targetHints":{"allow":["GET"]}}],"collection":[{"href":"https:\/\/evisacan.com\/fr\/wp-json\/wp\/v2\/pages"}],"about":[{"href":"https:\/\/evisacan.com\/fr\/wp-json\/wp\/v2\/types\/page"}],"author":[{"embeddable":true,"href":"https:\/\/evisacan.com\/fr\/wp-json\/wp\/v2\/users\/1"}],"replies":[{"embeddable":true,"href":"https:\/\/evisacan.com\/fr\/wp-json\/wp\/v2\/comments?post=150"}],"version-history":[{"count":10,"href":"https:\/\/evisacan.com\/fr\/wp-json\/wp\/v2\/pages\/150\/revisions"}],"predecessor-version":[{"id":343,"href":"https:\/\/evisacan.com\/fr\/wp-json\/wp\/v2\/pages\/150\/revisions\/343"}],"wp:attachment":[{"href":"https:\/\/evisacan.com\/fr\/wp-json\/wp\/v2\/media?parent=150"}],"curies":[{"name":"wp","href":"https:\/\/api.w.org\/{rel}","templated":true}]}}