{"id":147,"date":"2025-08-03T20:01:52","date_gmt":"2025-08-03T20:01:52","guid":{"rendered":"https:\/\/evisacan.com\/cookie-policy-2\/"},"modified":"2025-08-06T02:10:57","modified_gmt":"2025-08-06T02:10:57","slug":"cookie-policy-2","status":"publish","type":"page","link":"https:\/\/evisacan.com\/fr\/cookie-policy-2\/","title":{"rendered":"Politique en mati\u00e8re de cookies"},"content":{"rendered":"<div data-elementor-type=\"wp-page\" data-elementor-id=\"147\" class=\"elementor elementor-147\" data-elementor-post-type=\"page\">\n\t\t\t\t<div class=\"elementor-element elementor-element-3d203d7c e-flex e-con-boxed e-con e-parent\" data-id=\"3d203d7c\" data-element_type=\"container\" data-e-type=\"container\">\n\t\t\t\t\t<div class=\"e-con-inner\">\n\t\t\t\t<div class=\"elementor-element elementor-element-691ef1de elementor-view-stacked elementor-position-inline-start elementor-shape-circle elementor-mobile-position-block-start elementor-widget elementor-widget-icon-box\" data-id=\"691ef1de\" data-element_type=\"widget\" data-e-type=\"widget\" data-widget_type=\"icon-box.default\">\n\t\t\t\t\t\t\t<div class=\"elementor-icon-box-wrapper\">\n\n\t\t\t\t\t\t<div class=\"elementor-icon-box-icon\">\n\t\t\t\t<span  class=\"elementor-icon\">\n\t\t\t\t<svg aria-hidden=\"true\" class=\"e-font-icon-svg e-far-circle\" viewbox=\"0 0 512 512\" xmlns=\"http:\/\/www.w3.org\/2000\/svg\"><path d=\"M256 8C119 8 8 119 8 256s111 248 248 248 248-111 248-248S393 8 256 8zm0 448c-110.5 0-200-89.5-200-200S145.5 56 256 56s200 89.5 200 200-89.5 200-200 200z\"><\/path><\/svg>\t\t\t\t<\/span>\n\t\t\t<\/div>\n\t\t\t\n\t\t\t\t\t\t<div class=\"elementor-icon-box-content\">\n\n\t\t\t\t\t\t\t\t\t<h3 class=\"elementor-icon-box-title\">\n\t\t\t\t\t\t<span  >\n\t\t\t\t\t\t\tPolitique en mati\u00e8re de cookies\t\t\t\t\t\t<\/span>\n\t\t\t\t\t<\/h3>\n\t\t\t\t\n\t\t\t\t\n\t\t\t<\/div>\n\t\t\t\n\t\t<\/div>\n\t\t\t\t\t\t<\/div>\n\t\t<div class=\"elementor-element elementor-element-257bcbc0 e-con-full e-flex e-con e-child\" data-id=\"257bcbc0\" data-element_type=\"container\" data-e-type=\"container\" data-settings=\"{&quot;background_background&quot;:&quot;classic&quot;}\">\n\t\t\t\t<div class=\"elementor-element elementor-element-23664242 elementor-widget elementor-widget-text-editor\" data-id=\"23664242\" data-element_type=\"widget\" data-e-type=\"widget\" data-widget_type=\"text-editor.default\">\n\t\t\t\t\t\t\t\t\t<p data-start=\"302\" data-end=\"697\"><strong>Avis important : <\/strong><br \/>Sebe Inc. fonctionne comme une plateforme de demande ind\u00e9pendante et n'est pas affili\u00e9e au gouvernement du Canada. Les voyageurs peuvent choisir de faire leur demande d'eTA directement sur le site officiel du gouvernement, sans utiliser notre plateforme ni encourir de frais li\u00e9s au service.<\/p>\t\t\t\t\t\t\t\t<\/div>\n\t\t\t\t<\/div>\n\t\t<div class=\"elementor-element elementor-element-57b4946b e-con-full e-flex e-con e-child\" data-id=\"57b4946b\" data-element_type=\"container\" data-e-type=\"container\" data-settings=\"{&quot;background_background&quot;:&quot;classic&quot;}\">\n\t\t\t\t<div class=\"elementor-element elementor-element-43ff6c84 elementor-widget elementor-widget-text-editor\" data-id=\"43ff6c84\" data-element_type=\"widget\" data-e-type=\"widget\" data-widget_type=\"text-editor.default\">\n\t\t\t\t\t\t\t\t\t<p>Mise \u00e0 jour : 21 juin 2025<\/p>\t\t\t\t\t\t\t\t<\/div>\n\t\t\t\t<div class=\"elementor-element elementor-element-c0e13dd elementor-widget elementor-widget-text-editor\" data-id=\"c0e13dd\" data-element_type=\"widget\" data-e-type=\"widget\" data-widget_type=\"text-editor.default\">\n\t\t\t\t\t\t\t\t\t<p data-start=\"528\" data-end=\"839\">La pr\u00e9sente politique en mati\u00e8re de cookies explique comment <strong data-start=\"560\" data-end=\"572\">Sebe Inc<\/strong> (\"nous\", \"notre\" ou \"nos\") utilise des cookies et des technologies de suivi similaires sur son site web, <a class=\"\" href=\"https:\/\/evisacan.com\/fr\/\" target=\"_new\" rel=\"noopener\" data-start=\"659\" data-end=\"711\">https:\/\/evisacan.com<\/a>et d\u00e9crit vos droits et vos choix concernant les pr\u00e9f\u00e9rences en mati\u00e8re de cookies, conform\u00e9ment \u00e0 la l\u00e9gislation canadienne applicable en mati\u00e8re de protection de la vie priv\u00e9e.<\/p><hr data-start=\"841\" data-end=\"844\" \/><h3 data-start=\"846\" data-end=\"883\">1. Contr\u00f4leur des donn\u00e9es et utilisation des cookies<\/h3><p data-start=\"885\" data-end=\"1288\">Ce site web est d\u00e9tenu et g\u00e9r\u00e9 par <strong data-start=\"923\" data-end=\"935\">Sebe Inc<\/strong>, un fournisseur priv\u00e9 de services num\u00e9riques bas\u00e9 \u00e0 <strong data-start=\"981\" data-end=\"1015\">Richmond Hill, Ontario, Canada<\/strong>Le site Web de l'Agence europ\u00e9enne pour la s\u00e9curit\u00e9 maritime (AESM), qui offre un soutien optionnel \u00e0 l'application de l'autorisation de voyage \u00e9lectronique (AVE) du Canada, est en cours de d\u00e9veloppement. En tant que responsable du traitement des donn\u00e9es, nous d\u00e9terminons l'objectif et les moyens par lesquels les cookies sont utilis\u00e9s sur cette plate-forme et nous sommes responsables du respect des normes de protection des donn\u00e9es pertinentes.<\/p><hr data-start=\"1290\" data-end=\"1293\" \/><h3 data-start=\"1295\" data-end=\"1319\">2. Que sont les cookies ?<\/h3><p data-start=\"1321\" data-end=\"1536\">Les cookies sont de petits fichiers de donn\u00e9es que les sites web stockent sur votre appareil (ordinateur, smartphone ou tablette) lorsque vous les visitez. Ils servent \u00e0 reconna\u00eetre votre navigateur et \u00e0 conserver des informations sp\u00e9cifiques au fil des sessions.<\/p><p data-start=\"1538\" data-end=\"1586\">Il existe diff\u00e9rents types de cookies, notamment<\/p><ul data-start=\"1588\" data-end=\"1961\"><li data-start=\"1588\" data-end=\"1678\"><p data-start=\"1590\" data-end=\"1678\"><strong data-start=\"1590\" data-end=\"1609\">Cookies de session<\/strong> - Cookies temporaires qui expirent lorsque vous fermez la fen\u00eatre de votre navigateur.<\/p><\/li><li data-start=\"1679\" data-end=\"1777\"><p data-start=\"1681\" data-end=\"1777\"><strong data-start=\"1681\" data-end=\"1703\">Cookies persistants<\/strong> - Conserv\u00e9 sur votre appareil jusqu'\u00e0 ce qu'il soit supprim\u00e9 manuellement ou qu'il expire automatiquement.<\/p><\/li><li data-start=\"1778\" data-end=\"1849\"><p data-start=\"1780\" data-end=\"1849\"><strong data-start=\"1780\" data-end=\"1803\">Cookies de premi\u00e8re partie<\/strong> - D\u00e9fini directement par notre domaine (evisacan.com)<\/p><\/li><li data-start=\"1850\" data-end=\"1961\"><p data-start=\"1852\" data-end=\"1961\"><strong data-start=\"1852\" data-end=\"1875\">Cookies de tiers<\/strong> - d\u00e9finis par des services externes que nous int\u00e9grons (par exemple, des plateformes d'analyse et de publicit\u00e9)<\/p><\/li><\/ul><hr data-start=\"1963\" data-end=\"1966\" \/><h3 data-start=\"1968\" data-end=\"2001\">3. Cat\u00e9gories de cookies utilis\u00e9es<\/h3><p data-start=\"2003\" data-end=\"2101\">Nous d\u00e9ployons une s\u00e9rie de cookies pour soutenir \u00e0 la fois les fonctionnalit\u00e9s essentielles et l'optimisation des performances :<\/p><ul data-start=\"2103\" data-end=\"2887\"><li data-start=\"2103\" data-end=\"2301\"><p data-start=\"2105\" data-end=\"2301\"><strong data-start=\"2105\" data-end=\"2135\">Cookies strictement n\u00e9cessaires<\/strong>: Ils sont n\u00e9cessaires au fonctionnement de base et \u00e0 la s\u00e9curit\u00e9 de notre site web, comme les soumissions de formulaires, le traitement des paiements et la pr\u00e9vention des fraudes. Ils ne peuvent pas \u00eatre d\u00e9sactiv\u00e9s.<\/p><\/li><li data-start=\"2303\" data-end=\"2460\"><p data-start=\"2305\" data-end=\"2460\"><strong data-start=\"2305\" data-end=\"2327\">Cookies fonctionnels<\/strong>: Ces cookies conservent vos pr\u00e9f\u00e9rences, telles que la langue s\u00e9lectionn\u00e9e, la r\u00e9gion ou d'autres personnalisations, afin d'am\u00e9liorer votre exp\u00e9rience en tant qu'utilisateur.<\/p><\/li><li data-start=\"2462\" data-end=\"2660\"><p data-start=\"2464\" data-end=\"2660\"><strong data-start=\"2464\" data-end=\"2485\">Cookies analytiques<\/strong>: Utilis\u00e9 pour collecter des donn\u00e9es agr\u00e9g\u00e9es sur la fa\u00e7on dont les visiteurs interagissent avec le site. Ces cookies nous aident \u00e0 comprendre les sch\u00e9mas de trafic, \u00e0 optimiser les performances et \u00e0 identifier les tendances des utilisateurs.<\/p><\/li><li data-start=\"2662\" data-end=\"2887\"><p data-start=\"2664\" data-end=\"2887\"><strong data-start=\"2664\" data-end=\"2699\">Cookies de marketing et de reciblage<\/strong>: Nous permettent d'afficher des publicit\u00e9s pertinentes en fonction de votre activit\u00e9 sur notre site. Ces cookies peuvent suivre les visites et les interactions pour la diffusion de publicit\u00e9s sur des plateformes telles que Google Ads ou Facebook.<\/p><\/li><\/ul><hr data-start=\"2889\" data-end=\"2892\" \/><h3 data-start=\"2894\" data-end=\"2934\">4. Consentement et avis initial sur les cookies<\/h3><p data-start=\"2936\" data-end=\"3278\">Lors de votre premi\u00e8re visite sur notre site web, une banni\u00e8re de cookies s'affichera pour vous demander votre consentement \u00e0 l'utilisation de cookies non essentiels. Bien que <strong data-start=\"3069\" data-end=\"3099\">Cookies strictement n\u00e9cessaires<\/strong> sont automatiquement activ\u00e9es, vous aurez la possibilit\u00e9 d'accepter ou de g\u00e9rer les pr\u00e9f\u00e9rences pour toutes les autres cat\u00e9gories. Votre consentement sera conserv\u00e9 conform\u00e9ment aux normes r\u00e9glementaires.<\/p><hr data-start=\"3280\" data-end=\"3283\" \/><h3 data-start=\"3285\" data-end=\"3324\">5. G\u00e9rer vos pr\u00e9f\u00e9rences en mati\u00e8re de cookies<\/h3><p data-start=\"3326\" data-end=\"3410\">Vous pouvez contr\u00f4ler ou d\u00e9sactiver les cookies \u00e0 tout moment par l'une des m\u00e9thodes suivantes :<\/p><ul data-start=\"3412\" data-end=\"3541\"><li data-start=\"3412\" data-end=\"3480\"><p data-start=\"3414\" data-end=\"3480\">En r\u00e9glant les param\u00e8tres via le site <strong data-start=\"3452\" data-end=\"3478\">Gestionnaire de consentement aux cookies<\/strong><\/p><\/li><li data-start=\"3481\" data-end=\"3541\"><p data-start=\"3483\" data-end=\"3541\">en modifiant les pr\u00e9f\u00e9rences de votre navigateur en mati\u00e8re de confidentialit\u00e9 et de cookies<\/p><\/li><\/ul><p data-start=\"3543\" data-end=\"3684\">Veuillez noter que la d\u00e9sactivation de certains cookies peut r\u00e9duire l'exp\u00e9rience de l'utilisateur ou limiter l'acc\u00e8s \u00e0 certaines fonctionnalit\u00e9s de notre site web.<\/p><hr data-start=\"3686\" data-end=\"3689\" \/><h3 data-start=\"3691\" data-end=\"3724\">6. Publicit\u00e9 bas\u00e9e sur les int\u00e9r\u00eats<\/h3><p data-start=\"3726\" data-end=\"3941\">Vous pouvez rencontrer des publicit\u00e9s personnalis\u00e9es bas\u00e9es sur votre comportement de navigation sur ce site web. Ces publicit\u00e9s peuvent \u00eatre affich\u00e9es sur des plates-formes ou des r\u00e9seaux publicitaires tiers. Pour refuser la publicit\u00e9 bas\u00e9e sur les centres d'int\u00e9r\u00eat, vous pouvez visiter le site :<\/p><ul data-start=\"3943\" data-end=\"4093\"><li data-start=\"3943\" data-end=\"4013\"><p data-start=\"3945\" data-end=\"4013\"><a class=\"cursor-pointer\" target=\"_new\" rel=\"noopener\" data-start=\"3945\" data-end=\"4011\">Alliance pour la publicit\u00e9 num\u00e9rique (DAA)<\/a><\/p><\/li><li data-start=\"4014\" data-end=\"4093\"><p data-start=\"4016\" data-end=\"4093\"><a class=\"cursor-pointer\" target=\"_new\" rel=\"noopener\" data-start=\"4016\" data-end=\"4093\">Initiative pour la publicit\u00e9 en r\u00e9seau (NAI)<\/a><\/p><\/li><\/ul><p data-start=\"4095\" data-end=\"4216\">Notez que la d\u00e9sactivation n'\u00e9limine pas compl\u00e8tement les publicit\u00e9s, mais les emp\u00eache d'\u00eatre adapt\u00e9es \u00e0 votre activit\u00e9 en ligne.<\/p><hr data-start=\"4218\" data-end=\"4221\" \/><h3 data-start=\"4223\" data-end=\"4253\">7. Utilisation de Google Analytics<\/h3><p data-start=\"4255\" data-end=\"4559\">Nous utilisons <strong data-start=\"4262\" data-end=\"4282\">Google Analytics<\/strong>, un service d'analyse du web fourni par <strong data-start=\"4320\" data-end=\"4334\">Google LLC<\/strong>pour collecter des donn\u00e9es anonymes sur le trafic et le comportement. Ces donn\u00e9es comprennent des param\u00e8tres tels que le nombre de pages vues, la dur\u00e9e de la visite, le type de navigateur et la g\u00e9olocalisation g\u00e9n\u00e9rale. Dans la mesure du possible, les adresses IP sont rendues anonymes avant d'\u00eatre stock\u00e9es ou trait\u00e9es.<\/p><p data-start=\"4561\" data-end=\"4613\">Vous pouvez en savoir plus ou vous d\u00e9sinscrire en utilisant les liens ci-dessous :<\/p><ul data-start=\"4615\" data-end=\"4755\"><li data-start=\"4615\" data-end=\"4681\"><p data-start=\"4617\" data-end=\"4681\"><a class=\"cursor-pointer\" target=\"_new\" rel=\"noopener\" data-start=\"4617\" data-end=\"4679\">R\u00e8gles de confidentialit\u00e9 de Google<\/a><\/p><\/li><li data-start=\"4682\" data-end=\"4755\"><p data-start=\"4684\" data-end=\"4755\"><a class=\"cursor-pointer\" target=\"_new\" rel=\"noopener\" data-start=\"4684\" data-end=\"4755\">D\u00e9sactiver Google Analytics<\/a><\/p><\/li><\/ul><hr data-start=\"4757\" data-end=\"4760\" \/><h3 data-start=\"4762\" data-end=\"4788\">8. Informations sur les contacts<\/h3><p data-start=\"4790\" data-end=\"4933\">Si vous avez des questions concernant la pr\u00e9sente politique en mati\u00e8re de cookies ou si vous souhaitez en savoir plus sur la mani\u00e8re dont vos donn\u00e9es sont utilis\u00e9es sur notre site web, vous pouvez nous contacter \u00e0 l'adresse suivante :<\/p><p data-start=\"4935\" data-end=\"5049\"><strong data-start=\"4935\" data-end=\"4947\">Sebe Inc<\/strong><br data-start=\"4947\" data-end=\"4950\" \/>51 Lorridge St<br data-start=\"4964\" data-end=\"4967\" \/>Richmond Hill, ON<br data-start=\"4984\" data-end=\"4987\" \/>T\u00e9l\u00e9phone : <strong data-start=\"4994\" data-end=\"5015\">+1 (613) 510 1143<\/strong><br data-start=\"5015\" data-end=\"5018\" \/>Courriel : <strong data-start=\"5025\" data-end=\"5049\"><a class=\"cursor-pointer\" rel=\"noopener\" data-start=\"5027\" data-end=\"5047\">support@evisacan.com<\/a><\/strong><\/p>\t\t\t\t\t\t\t\t<\/div>\n\t\t\t\t<\/div>\n\t\t\t\t\t<\/div>\n\t\t\t\t<\/div>\n\t\t\t\t<\/div>","protected":false},"excerpt":{"rendered":"<p>Cookie Policy Important Notice: Sebe Inc. operates as an independent application platform and is not affiliated with the Government of Canada. Travelers may choose to apply for their Canada eTA directly through the official government website at without utilizing our platform or incurring any service-related fees. Updated: June 21, 2025 This Cookie Policy explains how [&hellip;]<\/p>","protected":false},"author":1,"featured_media":0,"parent":0,"menu_order":0,"comment_status":"closed","ping_status":"closed","template":"","meta":{"footnotes":""},"class_list":["post-147","page","type-page","status-publish","hentry"],"_links":{"self":[{"href":"https:\/\/evisacan.com\/fr\/wp-json\/wp\/v2\/pages\/147","targetHints":{"allow":["GET"]}}],"collection":[{"href":"https:\/\/evisacan.com\/fr\/wp-json\/wp\/v2\/pages"}],"about":[{"href":"https:\/\/evisacan.com\/fr\/wp-json\/wp\/v2\/types\/page"}],"author":[{"embeddable":true,"href":"https:\/\/evisacan.com\/fr\/wp-json\/wp\/v2\/users\/1"}],"replies":[{"embeddable":true,"href":"https:\/\/evisacan.com\/fr\/wp-json\/wp\/v2\/comments?post=147"}],"version-history":[{"count":7,"href":"https:\/\/evisacan.com\/fr\/wp-json\/wp\/v2\/pages\/147\/revisions"}],"predecessor-version":[{"id":319,"href":"https:\/\/evisacan.com\/fr\/wp-json\/wp\/v2\/pages\/147\/revisions\/319"}],"wp:attachment":[{"href":"https:\/\/evisacan.com\/fr\/wp-json\/wp\/v2\/media?parent=147"}],"curies":[{"name":"wp","href":"https:\/\/api.w.org\/{rel}","templated":true}]}}