{"id":141,"date":"2025-08-03T20:01:51","date_gmt":"2025-08-03T20:01:51","guid":{"rendered":"https:\/\/evisacan.com\/disclaimer-2\/"},"modified":"2025-08-06T17:04:07","modified_gmt":"2025-08-06T17:04:07","slug":"disclaimer-2","status":"publish","type":"page","link":"https:\/\/evisacan.com\/fr\/disclaimer-2\/","title":{"rendered":"Clause de non-responsabilit\u00e9"},"content":{"rendered":"<div data-elementor-type=\"wp-page\" data-elementor-id=\"141\" class=\"elementor elementor-141\" data-elementor-post-type=\"page\">\n\t\t\t\t<div class=\"elementor-element elementor-element-44ee5a03 e-flex e-con-boxed e-con e-parent\" data-id=\"44ee5a03\" data-element_type=\"container\" data-e-type=\"container\">\n\t\t\t\t\t<div class=\"e-con-inner\">\n\t\t\t\t<div class=\"elementor-element elementor-element-2ae2dc6c elementor-view-stacked elementor-position-inline-start elementor-shape-circle elementor-mobile-position-block-start elementor-widget elementor-widget-icon-box\" data-id=\"2ae2dc6c\" data-element_type=\"widget\" data-e-type=\"widget\" data-widget_type=\"icon-box.default\">\n\t\t\t\t\t\t\t<div class=\"elementor-icon-box-wrapper\">\n\n\t\t\t\t\t\t<div class=\"elementor-icon-box-icon\">\n\t\t\t\t<span  class=\"elementor-icon\">\n\t\t\t\t<svg aria-hidden=\"true\" class=\"e-font-icon-svg e-far-circle\" viewbox=\"0 0 512 512\" xmlns=\"http:\/\/www.w3.org\/2000\/svg\"><path d=\"M256 8C119 8 8 119 8 256s111 248 248 248 248-111 248-248S393 8 256 8zm0 448c-110.5 0-200-89.5-200-200S145.5 56 256 56s200 89.5 200 200-89.5 200-200 200z\"><\/path><\/svg>\t\t\t\t<\/span>\n\t\t\t<\/div>\n\t\t\t\n\t\t\t\t\t\t<div class=\"elementor-icon-box-content\">\n\n\t\t\t\t\t\t\t\t\t<h3 class=\"elementor-icon-box-title\">\n\t\t\t\t\t\t<span  >\n\t\t\t\t\t\t\tClause de non-responsabilit\u00e9\t\t\t\t\t\t<\/span>\n\t\t\t\t\t<\/h3>\n\t\t\t\t\n\t\t\t\t\n\t\t\t<\/div>\n\t\t\t\n\t\t<\/div>\n\t\t\t\t\t\t<\/div>\n\t\t<div class=\"elementor-element elementor-element-1c43a041 e-con-full e-flex e-con e-child\" data-id=\"1c43a041\" data-element_type=\"container\" data-e-type=\"container\" data-settings=\"{&quot;background_background&quot;:&quot;classic&quot;}\">\n\t\t\t\t<div class=\"elementor-element elementor-element-155ed031 elementor-widget elementor-widget-text-editor\" data-id=\"155ed031\" data-element_type=\"widget\" data-e-type=\"widget\" data-widget_type=\"text-editor.default\">\n\t\t\t\t\t\t\t\t\t<p data-start=\"302\" data-end=\"697\"><strong>Avis important : <\/strong><br \/>Sebe Inc. fonctionne comme une plateforme de demande ind\u00e9pendante et n'est pas affili\u00e9e au gouvernement du Canada. Les voyageurs peuvent choisir de faire leur demande d'eTA directement sur le site officiel du gouvernement, sans utiliser notre plateforme ni encourir de frais li\u00e9s au service.<\/p>\t\t\t\t\t\t\t\t<\/div>\n\t\t\t\t<\/div>\n\t\t<div class=\"elementor-element elementor-element-69b4c548 e-con-full e-flex e-con e-child\" data-id=\"69b4c548\" data-element_type=\"container\" data-e-type=\"container\" data-settings=\"{&quot;background_background&quot;:&quot;classic&quot;}\">\n\t\t\t\t<div class=\"elementor-element elementor-element-2acb424e elementor-widget elementor-widget-text-editor\" data-id=\"2acb424e\" data-element_type=\"widget\" data-e-type=\"widget\" data-widget_type=\"text-editor.default\">\n\t\t\t\t\t\t\t\t\t<p>Mise \u00e0 jour : 21 juin 2025<\/p>\t\t\t\t\t\t\t\t<\/div>\n\t\t\t\t<div class=\"elementor-element elementor-element-54a99d4 elementor-widget elementor-widget-text-editor\" data-id=\"54a99d4\" data-element_type=\"widget\" data-e-type=\"widget\" data-widget_type=\"text-editor.default\">\n\t\t\t\t\t\t\t\t\t<p data-start=\"609\" data-end=\"875\">Le pr\u00e9sent avis de non-responsabilit\u00e9 (\"avis de non-responsabilit\u00e9\") s'applique au site web <a class=\"\" href=\"https:\/\/evisacan.com\/fr\/\" target=\"_new\" rel=\"noopener\" data-start=\"663\" data-end=\"715\">https:\/\/evisacan.com<\/a> (\"site web\"), exploit\u00e9 par <strong data-start=\"741\" data-end=\"753\">Sebe Inc<\/strong>La soci\u00e9t\u00e9 d'assistance aux voyageurs priv\u00e9s, dont le si\u00e8ge est situ\u00e9 \u00e0 <strong data-start=\"808\" data-end=\"842\">Richmond Hill, Ontario, Canada<\/strong> (\"nous\", \"notre\" ou \"l'entreprise\").<\/p>\n<hr data-start=\"877\" data-end=\"880\">\n<h3 data-start=\"882\" data-end=\"930\">1. Absence de relation avec les pouvoirs publics ou d'approbation<\/h3>\n<p data-start=\"932\" data-end=\"1286\"><strong data-start=\"932\" data-end=\"944\">Sebe Inc<\/strong> fonctionne de mani\u00e8re ind\u00e9pendante et est <strong data-start=\"975\" data-end=\"1039\">n'est pas affili\u00e9e \u00e0, ni approuv\u00e9e par, ni officiellement li\u00e9e \u00e0<\/strong> les <strong data-start=\"1044\" data-end=\"1068\">Gouvernement du Canada<\/strong>, <strong data-start=\"1070\" data-end=\"1125\">Immigration, r\u00e9fugi\u00e9s et citoyennet\u00e9 Canada (IRCC)<\/strong>ou toute autre autorit\u00e9 f\u00e9d\u00e9rale. Nous offrons un service payant, g\u00e9r\u00e9 par le secteur priv\u00e9, pour aider les voyageurs qui demandent <strong data-start=\"1235\" data-end=\"1285\">Autorisation de voyage \u00e9lectronique (eTA) du Canada<\/strong>.<\/p>\n<p data-start=\"1288\" data-end=\"1477\">Les candidats qui pr\u00e9f\u00e8rent postuler directement sans passer par notre plateforme ni payer de frais de service peuvent le faire via le site web officiel du gouvernement \u00e0 l'adresse suivante <a class=\"\" href=\"https:\/\/www.canada.ca\" target=\"_new\" rel=\"noopener\" data-start=\"1438\" data-end=\"1476\">www.canada.ca<\/a>.<\/p>\n<hr data-start=\"1479\" data-end=\"1482\">\n<h3 data-start=\"1484\" data-end=\"1542\">2. Utilisation \u00e0 des fins d'information uniquement - Aucun service juridique n'est fourni<\/h3>\n<p data-start=\"1544\" data-end=\"1960\">Le contenu pr\u00e9sent\u00e9 sur ce site est destin\u00e9 \u00e0 des fins d'information g\u00e9n\u00e9rale uniquement et ne constitue pas un conseil ou un avis juridique. L'utilisation de ce site ou de nos services ne cr\u00e9e aucune relation avocat-client ou conseiller. Si vous avez besoin de conseils sp\u00e9cifiques \u00e0 votre situation juridique ou d'immigration, il vous est fortement recommand\u00e9 de consulter un avocat qualifi\u00e9 en mati\u00e8re d'immigration ou un conseiller juridique r\u00e9glement\u00e9.<\/p>\n<hr data-start=\"1962\" data-end=\"1965\">\n<h3 data-start=\"1967\" data-end=\"2003\">3. Pr\u00e9cision et actualit\u00e9 du contenu<\/h3>\n<p data-start=\"2005\" data-end=\"2250\">Nous faisons des efforts raisonnables pour maintenir des informations exactes et \u00e0 jour sur notre site web. Toutefois, les proc\u00e9dures, les frais et les politiques d'immigration au Canada peuvent \u00eatre modifi\u00e9s \u00e0 tout moment par le gouvernement du Canada sans pr\u00e9avis.<\/p>\n<p data-start=\"2252\" data-end=\"2468\">Par cons\u00e9quent, nous ne pouvons pas garantir que le contenu du site Web refl\u00e8te toujours les r\u00e8gles les plus r\u00e9centes ou qu'il est exempt d'erreurs ou d'omissions. Les utilisateurs sont invit\u00e9s \u00e0 faire preuve de discernement lorsqu'ils s'appuient sur ces informations.<\/p>\n<hr data-start=\"2470\" data-end=\"2473\">\n<h3 data-start=\"2475\" data-end=\"2510\">4. Nature et \u00e9tendue des services<\/h3>\n<p data-start=\"2512\" data-end=\"2594\">L'utilisation de notre plateforme est enti\u00e8rement volontaire et n'est pas n\u00e9cessaire pour obtenir une eTA du Canada.<\/p>\n<p data-start=\"2596\" data-end=\"2671\">Notre service est con\u00e7u pour am\u00e9liorer le processus de candidature et peut inclure :<\/p>\n<ul data-start=\"2673\" data-end=\"2962\">\n<li data-start=\"2673\" data-end=\"2728\">\n<p data-start=\"2675\" data-end=\"2728\">Examiner les donn\u00e9es de la demande pour s'assurer de leur exactitude et de leur clart\u00e9<\/p>\n<\/li>\n<li data-start=\"2729\" data-end=\"2780\">\n<p data-start=\"2731\" data-end=\"2780\">Aider les demandeurs \u00e0 pr\u00e9parer leurs documents<\/p>\n<\/li>\n<li data-start=\"2781\" data-end=\"2856\">\n<p data-start=\"2783\" data-end=\"2856\">Fournir un service \u00e0 la client\u00e8le par courrier \u00e9lectronique tout au long du cycle de la demande<\/p>\n<\/li>\n<li data-start=\"2857\" data-end=\"2905\">\n<p data-start=\"2859\" data-end=\"2905\">Soumettre des demandes au nom de l'utilisateur<\/p>\n<\/li>\n<li data-start=\"2906\" data-end=\"2962\">\n<p data-start=\"2908\" data-end=\"2962\">Offrir une aide limit\u00e9e au retraitement, le cas \u00e9ch\u00e9ant<\/p>\n<\/li>\n<\/ul>\n<p data-start=\"2964\" data-end=\"2985\">Nos prix comprennent :<\/p>\n<ul data-start=\"2987\" data-end=\"3157\">\n<li data-start=\"2987\" data-end=\"3063\">\n<p data-start=\"2989\" data-end=\"3063\">La taxe officielle du gouvernement du Canada pour l'eTA, que nous versons en votre nom.<\/p>\n<\/li>\n<li data-start=\"3064\" data-end=\"3157\">\n<p data-start=\"3066\" data-end=\"3157\">Des frais de service clairement divulgu\u00e9s pour l'utilisation de notre plateforme num\u00e9rique et de nos fonctions d'assistance.<\/p>\n<\/li>\n<\/ul>\n<p data-start=\"3159\" data-end=\"3337\">Veuillez noter que, bien que nous nous efforcions d'optimiser l'exp\u00e9rience de la candidature, l'issue de votre candidature est uniquement d\u00e9termin\u00e9e par <strong data-start=\"3285\" data-end=\"3293\">IRCC<\/strong>. Nous n'influen\u00e7ons ni ne garantissons l'approbation.<\/p>\n<hr data-start=\"3339\" data-end=\"3342\">\n<h3 data-start=\"3344\" data-end=\"3374\">5. Limitation de la responsabilit\u00e9<\/h3>\n<p data-start=\"3376\" data-end=\"3617\">Dans la mesure o\u00f9 le droit applicable le permet, <strong data-start=\"3422\" data-end=\"3434\">Sebe Inc<\/strong> d\u00e9cline toute responsabilit\u00e9 pour tout dommage - direct, indirect, accessoire ou cons\u00e9cutif - qui pourrait r\u00e9sulter de l'utilisation de ce site web ou de nos services. Ceci inclut, mais n'est pas limit\u00e9 \u00e0 :<\/p>\n<ul data-start=\"3619\" data-end=\"3865\">\n<li data-start=\"3619\" data-end=\"3668\">\n<p data-start=\"3621\" data-end=\"3668\">Retard dans les plans de voyage ou perturbation de l'itin\u00e9raire<\/p>\n<\/li>\n<li data-start=\"3669\" data-end=\"3711\">\n<p data-start=\"3671\" data-end=\"3711\">Refus d'entr\u00e9e ou refus d'eTA par l'IRCC<\/p>\n<\/li>\n<li data-start=\"3712\" data-end=\"3765\">\n<p data-start=\"3714\" data-end=\"3765\">Difficult\u00e9s techniques, pannes ou erreurs de syst\u00e8me<\/p>\n<\/li>\n<li data-start=\"3766\" data-end=\"3815\">\n<p data-start=\"3768\" data-end=\"3815\">Probl\u00e8mes de performance des plateformes tierces<\/p>\n<\/li>\n<li data-start=\"3816\" data-end=\"3865\">\n<p data-start=\"3818\" data-end=\"3865\">Catastrophes naturelles ou autres \u00e9v\u00e9nements de force majeure<\/p>\n<\/li>\n<\/ul>\n<p data-start=\"3867\" data-end=\"3923\">Les utilisateurs acc\u00e8dent \u00e0 notre plateforme et l'utilisent \u00e0 leurs propres risques.<\/p>\n<hr data-start=\"3925\" data-end=\"3928\">\n<h3 data-start=\"3930\" data-end=\"3966\">6. Liens vers des sites web de tiers<\/h3>\n<p data-start=\"3968\" data-end=\"4223\">Ce site web peut contenir des liens vers des sites web de tiers, fournis pour votre commodit\u00e9. Nous ne surveillons pas, ne contr\u00f4lons pas et ne garantissons pas l'exactitude, la pertinence ou la disponibilit\u00e9 du contenu de ces plateformes externes. L'inclusion d'un lien ne signifie pas que nous l'approuvons.<\/p>\n<p data-start=\"4225\" data-end=\"4338\">La visite de sites web de tiers se fait \u00e0 votre propre discr\u00e9tion et est soumise \u00e0 leurs propres conditions et politiques de confidentialit\u00e9.<\/p>\n<hr data-start=\"4340\" data-end=\"4343\">\n<h3 data-start=\"4345\" data-end=\"4373\">7. Responsabilit\u00e9s de l'utilisateur<\/h3>\n<p data-start=\"4375\" data-end=\"4461\">En utilisant notre site web ou nos services, vous acceptez les responsabilit\u00e9s suivantes :<\/p>\n<ul data-start=\"4463\" data-end=\"4756\">\n<li data-start=\"4463\" data-end=\"4539\">\n<p data-start=\"4465\" data-end=\"4539\">Fournir des informations personnelles et de voyage v\u00e9ridiques, compl\u00e8tes et exactes<\/p>\n<\/li>\n<li data-start=\"4540\" data-end=\"4621\">\n<p data-start=\"4542\" data-end=\"4621\">Assurez-vous que vous remplissez les crit\u00e8res d'\u00e9ligibilit\u00e9 pour une eTA canadienne avant de la soumettre.<\/p>\n<\/li>\n<li data-start=\"4622\" data-end=\"4756\">\n<p data-start=\"4624\" data-end=\"4756\">Reconna\u00eetre que l'envoi d'informations incorrectes ou trompeuses peut entra\u00eener le rejet de la demande ou des cons\u00e9quences juridiques potentielles en vertu de la l\u00e9gislation canadienne.<\/p>\n<\/li>\n<\/ul>\n<hr data-start=\"4758\" data-end=\"4761\">\n<h3 data-start=\"4763\" data-end=\"4791\">8. Disponibilit\u00e9 de la plate-forme<\/h3>\n<p data-start=\"4793\" data-end=\"5061\">Nous nous effor\u00e7ons d'offrir un acc\u00e8s ininterrompu \u00e0 notre site web et \u00e0 ses services. Toutefois, des temps d'arr\u00eat temporaires peuvent survenir en raison de la maintenance du syst\u00e8me, de probl\u00e8mes techniques, d'interruptions de services de tiers ou de facteurs externes. La disponibilit\u00e9 continue ne peut donc pas \u00eatre garantie.<\/p>\n<hr data-start=\"5063\" data-end=\"5066\">\n<h3 data-start=\"5068\" data-end=\"5094\">9. Acceptation des conditions<\/h3>\n<p data-start=\"5096\" data-end=\"5427\">En utilisant ce site web, vous confirmez que vous avez lu, compris et accept\u00e9 le contenu du pr\u00e9sent avis de non-responsabilit\u00e9, en plus de notre&nbsp;<a href=\"https:\/\/evisacan.com\/fr\/terms-and-conditions-2\/\" target=\"_blank\">Conditions g\u00e9n\u00e9rales d'utilisation<\/a>,&nbsp;<a href=\"https:\/\/evisacan.com\/fr\/privacy-policy-2\/\" target=\"_blank\">Politique de confidentialit\u00e9<\/a>,&nbsp;<a href=\"https:\/\/evisacan.com\/fr\/cookie-policy-2\/\" target=\"_blank\">Politique en mati\u00e8re de cookies<\/a>et&nbsp;<a href=\"https:\/\/evisacan.com\/fr\/payment-refund-and-cancellation-policy-2\/\" target=\"_blank\">Politique de paiement, de remboursement et d'annulation<\/a>. Si vous n'acceptez pas ces conditions, veuillez vous abstenir d'utiliser notre site web ou nos services.<\/p>\n<hr data-start=\"5429\" data-end=\"5432\">\n<h2 data-start=\"5434\" data-end=\"5456\">Informations sur le contact<\/h2>\n<p data-start=\"5458\" data-end=\"5537\">Pour toute question ou pr\u00e9occupation relative au pr\u00e9sent avis de non-responsabilit\u00e9, veuillez nous contacter \u00e0 l'adresse suivante<\/p>\n<p data-start=\"5539\" data-end=\"5653\"><strong data-start=\"5539\" data-end=\"5551\">Sebe Inc<\/strong><br data-start=\"5551\" data-end=\"5554\">51 Lorridge St<br data-start=\"5568\" data-end=\"5571\">Richmond Hill, ON<br data-start=\"5588\" data-end=\"5591\">T\u00e9l\u00e9phone : <strong data-start=\"5598\" data-end=\"5619\">+1 (613) 510 1143<\/strong><br data-start=\"5619\" data-end=\"5622\">Courriel : <strong data-start=\"5629\" data-end=\"5653\"><a class=\"cursor-pointer\" rel=\"noopener\" data-start=\"5631\" data-end=\"5651\">support@evisacan.com<\/a><\/strong><\/p>\t\t\t\t\t\t\t\t<\/div>\n\t\t\t\t<\/div>\n\t\t\t\t\t<\/div>\n\t\t\t\t<\/div>\n\t\t\t\t<\/div>","protected":false},"excerpt":{"rendered":"<p>Avis de non-responsabilit\u00e9 Avis important : Sebe Inc. fonctionne comme une plateforme de demande ind\u00e9pendante et n'est pas affili\u00e9e au gouvernement du Canada. Les voyageurs peuvent choisir de faire leur demande d'eTA directement sur le site officiel du gouvernement, sans utiliser notre plateforme ni encourir de frais li\u00e9s au service. Mise \u00e0 jour : 21 juin 2025 Le pr\u00e9sent avis de non-responsabilit\u00e9 (\"avis de non-responsabilit\u00e9\") s'applique aux [...]<\/p>","protected":false},"author":1,"featured_media":0,"parent":0,"menu_order":0,"comment_status":"closed","ping_status":"closed","template":"","meta":{"footnotes":""},"class_list":["post-141","page","type-page","status-publish","hentry"],"_links":{"self":[{"href":"https:\/\/evisacan.com\/fr\/wp-json\/wp\/v2\/pages\/141","targetHints":{"allow":["GET"]}}],"collection":[{"href":"https:\/\/evisacan.com\/fr\/wp-json\/wp\/v2\/pages"}],"about":[{"href":"https:\/\/evisacan.com\/fr\/wp-json\/wp\/v2\/types\/page"}],"author":[{"embeddable":true,"href":"https:\/\/evisacan.com\/fr\/wp-json\/wp\/v2\/users\/1"}],"replies":[{"embeddable":true,"href":"https:\/\/evisacan.com\/fr\/wp-json\/wp\/v2\/comments?post=141"}],"version-history":[{"count":10,"href":"https:\/\/evisacan.com\/fr\/wp-json\/wp\/v2\/pages\/141\/revisions"}],"predecessor-version":[{"id":349,"href":"https:\/\/evisacan.com\/fr\/wp-json\/wp\/v2\/pages\/141\/revisions\/349"}],"wp:attachment":[{"href":"https:\/\/evisacan.com\/fr\/wp-json\/wp\/v2\/media?parent=141"}],"curies":[{"name":"wp","href":"https:\/\/api.w.org\/{rel}","templated":true}]}}