{"id":138,"date":"2025-08-03T20:01:51","date_gmt":"2025-08-03T20:01:51","guid":{"rendered":"https:\/\/evisacan.com\/about-us-2\/"},"modified":"2025-10-10T02:53:32","modified_gmt":"2025-10-10T02:53:32","slug":"about-us-2","status":"publish","type":"page","link":"https:\/\/evisacan.com\/fr\/about-us-2\/","title":{"rendered":"\u00c0 propos de nous"},"content":{"rendered":"<div data-elementor-type=\"wp-page\" data-elementor-id=\"138\" class=\"elementor elementor-138\" data-elementor-post-type=\"page\">\n\t\t\t\t<div class=\"elementor-element elementor-element-13cb9ba2 e-flex e-con-boxed e-con e-parent\" data-id=\"13cb9ba2\" data-element_type=\"container\" data-e-type=\"container\">\n\t\t\t\t\t<div class=\"e-con-inner\">\n\t\t<div class=\"elementor-element elementor-element-3967c219 e-con-full e-flex e-con e-child\" data-id=\"3967c219\" data-element_type=\"container\" data-e-type=\"container\">\n\t\t\t\t<div class=\"elementor-element elementor-element-69653d1f elementor-invisible elementor-widget elementor-widget-heading\" data-id=\"69653d1f\" data-element_type=\"widget\" data-e-type=\"widget\" data-settings=\"{&quot;_animation&quot;:&quot;fadeIn&quot;,&quot;_animation_delay&quot;:200}\" data-widget_type=\"heading.default\">\n\t\t\t\t\t<h1 class=\"elementor-heading-title elementor-size-default\">\u00c0 propos de nous<\/h1>\t\t\t\t<\/div>\n\t\t\t\t<div class=\"elementor-element elementor-element-457addb6 elementor-widget elementor-widget-text-editor\" data-id=\"457addb6\" data-element_type=\"widget\" data-e-type=\"widget\" data-widget_type=\"text-editor.default\">\n\t\t\t\t\t\t\t\t\t<p data-start=\"291\" data-end=\"641\"><strong>Les frais de service d'eVisaCan s'\u00e9l\u00e8vent \u00e0 $98 USD, y compris la taxe gouvernementale de $7 CAD.<\/strong><\/p>\t\t\t\t\t\t\t\t<\/div>\n\t\t\t\t<div class=\"elementor-element elementor-element-0b9c223 elementor-widget elementor-widget-text-editor\" data-id=\"0b9c223\" data-element_type=\"widget\" data-e-type=\"widget\" data-widget_type=\"text-editor.default\">\n\t\t\t\t\t\t\t\t\t<p data-start=\"291\" data-end=\"641\">Nous fournissons aux voyageurs une plateforme fiable et rationalis\u00e9e pour compl\u00e9ter leur <strong data-start=\"374\" data-end=\"422\">Autorisation de voyage \u00e9lectronique du Canada (eTA)<\/strong> des demandes. Notre service est con\u00e7u pour am\u00e9liorer l'exp\u00e9rience de la demande en offrant des outils num\u00e9riques intuitifs, des instructions claires et un soutien optionnel adapt\u00e9 aux besoins des visiteurs internationaux entrant au Canada.<\/p><p data-start=\"643\" data-end=\"812\">Fond\u00e9e sur la pr\u00e9cision, le professionnalisme et la facilit\u00e9 d'utilisation, la plateforme est bien adapt\u00e9e \u00e0 ceux qui recherchent une approche simplifi\u00e9e et confiante de la soumission d'eTA.<\/p>\t\t\t\t\t\t\t\t<\/div>\n\t\t\t\t<\/div>\n\t\t<div class=\"elementor-element elementor-element-1544ef21 e-con-full e-flex e-con e-child\" data-id=\"1544ef21\" data-element_type=\"container\" data-e-type=\"container\">\n\t\t\t\t<div class=\"elementor-element elementor-element-14808f23 elementor-widget elementor-widget-image\" data-id=\"14808f23\" data-element_type=\"widget\" data-e-type=\"widget\" data-widget_type=\"image.default\">\n\t\t\t\t\t\t\t\t\t\t\t\t\t\t\t<img fetchpriority=\"high\" decoding=\"async\" width=\"800\" height=\"534\" src=\"https:\/\/evisacan.com\/wp-content\/uploads\/2025\/08\/innukshuck-1024x683.png\" class=\"attachment-large size-large wp-image-291\" alt=\"\" srcset=\"https:\/\/evisacan.com\/wp-content\/uploads\/2025\/08\/innukshuck-1024x683.png 1024w, https:\/\/evisacan.com\/wp-content\/uploads\/2025\/08\/innukshuck-300x200.png 300w, https:\/\/evisacan.com\/wp-content\/uploads\/2025\/08\/innukshuck-768x512.png 768w, https:\/\/evisacan.com\/wp-content\/uploads\/2025\/08\/innukshuck.png 1536w\" sizes=\"(max-width: 800px) 100vw, 800px\" \/>\t\t\t\t\t\t\t\t\t\t\t\t\t\t\t<\/div>\n\t\t\t\t<\/div>\n\t\t\t\t\t<\/div>\n\t\t\t\t<\/div>\n\t\t<div class=\"elementor-element elementor-element-47090921 e-flex e-con-boxed e-con e-parent\" data-id=\"47090921\" data-element_type=\"container\" data-e-type=\"container\">\n\t\t\t\t\t<div class=\"e-con-inner\">\n\t\t\t\t<div class=\"elementor-element elementor-element-344019e3 elementor-invisible elementor-widget elementor-widget-heading\" data-id=\"344019e3\" data-element_type=\"widget\" data-e-type=\"widget\" data-settings=\"{&quot;_animation&quot;:&quot;fadeIn&quot;,&quot;_animation_delay&quot;:200}\" data-widget_type=\"heading.default\">\n\t\t\t\t\t<h2 class=\"elementor-heading-title elementor-size-default\">Comment nous aidons<\/h2>\t\t\t\t<\/div>\n\t\t\t\t<div class=\"elementor-element elementor-element-1f3219d6 elementor-tablet-align-start elementor-widget-tablet__width-initial elementor-icon-list--layout-traditional elementor-list-item-link-full_width elementor-widget elementor-widget-icon-list\" data-id=\"1f3219d6\" data-element_type=\"widget\" data-e-type=\"widget\" data-widget_type=\"icon-list.default\">\n\t\t\t\t\t\t\t<ul class=\"elementor-icon-list-items\">\n\t\t\t\t\t\t\t<li class=\"elementor-icon-list-item\">\n\t\t\t\t\t\t\t\t\t\t<span class=\"elementor-icon-list-text\"><b>Des conseils d'experts et un soutien r\u00e9actif<\/b><br> B\u00e9n\u00e9ficier d'une assistance tout au long du processus de candidature. Notre \u00e9quipe est disponible pour r\u00e9pondre aux questions, r\u00e9soudre les probl\u00e8mes et s'assurer que votre demande est exacte.<\/span>\n\t\t\t\t\t\t\t\t\t<\/li>\n\t\t\t\t\t\t\t\t<li class=\"elementor-icon-list-item\">\n\t\t\t\t\t\t\t\t\t\t<span class=\"elementor-icon-list-text\"><b>Garantie de remboursement int\u00e9gral<\/b><br> Si votre demande d'eTA n'est pas approuv\u00e9e, les frais de dossier vous sont int\u00e9gralement rembours\u00e9s - aucune autre d\u00e9marche n'est n\u00e9cessaire.<\/span>\n\t\t\t\t\t\t\t\t\t<\/li>\n\t\t\t\t\t\t\t\t<li class=\"elementor-icon-list-item\">\n\t\t\t\t\t\t\t\t\t\t<span class=\"elementor-icon-list-text\"><b>Renouvellement gratuit des demandes de mise \u00e0 jour de passeport <\/b><br>Si vous renouvelez votre passeport, vous pouvez pr\u00e9senter une nouvelle demande par l'interm\u00e9diaire de notre plateforme, sans frais, pendant une p\u00e9riode maximale de deux ans \u00e0 compter de la date de votre premi\u00e8re demande.<\/span>\n\t\t\t\t\t\t\t\t\t<\/li>\n\t\t\t\t\t\t<\/ul>\n\t\t\t\t\t\t<\/div>\n\t\t\t\t\t<\/div>\n\t\t\t\t<\/div>\n\t\t<div class=\"elementor-element elementor-element-2ab5d06c e-flex e-con-boxed e-con e-parent\" data-id=\"2ab5d06c\" data-element_type=\"container\" data-e-type=\"container\">\n\t\t\t\t\t<div class=\"e-con-inner\">\n\t\t<div class=\"elementor-element elementor-element-d3cdff5 e-con-full e-flex e-con e-child\" data-id=\"d3cdff5\" data-element_type=\"container\" data-e-type=\"container\" data-settings=\"{&quot;background_background&quot;:&quot;classic&quot;,&quot;motion_fx_translateY_speed&quot;:{&quot;unit&quot;:&quot;px&quot;,&quot;size&quot;:2,&quot;sizes&quot;:[]},&quot;motion_fx_devices&quot;:[&quot;desktop&quot;],&quot;animation_tablet&quot;:&quot;fadeIn&quot;,&quot;motion_fx_motion_fx_scrolling&quot;:&quot;yes&quot;,&quot;motion_fx_translateY_effect&quot;:&quot;yes&quot;,&quot;motion_fx_translateY_affectedRange&quot;:{&quot;unit&quot;:&quot;%&quot;,&quot;size&quot;:&quot;&quot;,&quot;sizes&quot;:{&quot;start&quot;:0,&quot;end&quot;:50}}}\">\n\t\t\t\t<div class=\"elementor-element elementor-element-6b9306dc elementor-position-right elementor-vertical-align-top elementor-widget elementor-widget-image-box\" data-id=\"6b9306dc\" data-element_type=\"widget\" data-e-type=\"widget\" data-widget_type=\"image-box.default\">\n\t\t\t\t\t<div class=\"elementor-image-box-wrapper\"><figure class=\"elementor-image-box-img\"><img decoding=\"async\" width=\"485\" height=\"419\" src=\"https:\/\/evisacan.com\/wp-content\/uploads\/2025\/08\/approved.png\" class=\"attachment-full size-full wp-image-56\" alt=\"\" srcset=\"https:\/\/evisacan.com\/wp-content\/uploads\/2025\/08\/approved.png 485w, https:\/\/evisacan.com\/wp-content\/uploads\/2025\/08\/approved-300x259.png 300w\" sizes=\"(max-width: 485px) 100vw, 485px\" \/><\/figure><div class=\"elementor-image-box-content\"><h4 class=\"elementor-image-box-title\">V\u00e9rification intelligente des passeports<\/h4><p class=\"elementor-image-box-description\">Notre syst\u00e8me utilise la reconnaissance optique de caract\u00e8res (OCR) et le balayage de zones lisibles \u00e0 la machine (MRZ) pour extraire et v\u00e9rifier avec pr\u00e9cision les donn\u00e9es du passeport. Cela minimise la probabilit\u00e9 d'erreurs de saisie manuelle et r\u00e9duit le risque de retards de traitement ou de rejets.<\/p><\/div><\/div>\t\t\t\t<\/div>\n\t\t\t\t<\/div>\n\t\t<div class=\"elementor-element elementor-element-47913f37 e-con-full e-flex e-con e-child\" data-id=\"47913f37\" data-element_type=\"container\" data-e-type=\"container\" data-settings=\"{&quot;background_background&quot;:&quot;classic&quot;,&quot;motion_fx_translateY_speed&quot;:{&quot;unit&quot;:&quot;px&quot;,&quot;size&quot;:2,&quot;sizes&quot;:[]},&quot;motion_fx_devices&quot;:[&quot;desktop&quot;],&quot;animation_tablet&quot;:&quot;fadeIn&quot;,&quot;motion_fx_motion_fx_scrolling&quot;:&quot;yes&quot;,&quot;motion_fx_translateY_effect&quot;:&quot;yes&quot;,&quot;motion_fx_translateY_affectedRange&quot;:{&quot;unit&quot;:&quot;%&quot;,&quot;size&quot;:&quot;&quot;,&quot;sizes&quot;:{&quot;start&quot;:0,&quot;end&quot;:50}}}\">\n\t\t\t\t<div class=\"elementor-element elementor-element-5d446eb9 elementor-position-right elementor-vertical-align-top elementor-widget elementor-widget-image-box\" data-id=\"5d446eb9\" data-element_type=\"widget\" data-e-type=\"widget\" data-widget_type=\"image-box.default\">\n\t\t\t\t\t<div class=\"elementor-image-box-wrapper\"><figure class=\"elementor-image-box-img\"><img decoding=\"async\" width=\"485\" height=\"419\" src=\"https:\/\/evisacan.com\/wp-content\/uploads\/2025\/08\/approved.png\" class=\"attachment-full size-full wp-image-56\" alt=\"\" srcset=\"https:\/\/evisacan.com\/wp-content\/uploads\/2025\/08\/approved.png 485w, https:\/\/evisacan.com\/wp-content\/uploads\/2025\/08\/approved-300x259.png 300w\" sizes=\"(max-width: 485px) 100vw, 485px\" \/><\/figure><div class=\"elementor-image-box-content\"><h4 class=\"elementor-image-box-title\">Contr\u00f4le continu de la politique<\/h4><p class=\"elementor-image-box-description\">Nous suivons activement les mises \u00e0 jour des autorit\u00e9s canadiennes officielles afin de nous assurer que chaque demande refl\u00e8te les r\u00e9glementations eTA et les crit\u00e8res d'\u00e9ligibilit\u00e9 les plus r\u00e9cents.<\/p><\/div><\/div>\t\t\t\t<\/div>\n\t\t\t\t<\/div>\n\t\t<div class=\"elementor-element elementor-element-51106596 e-con-full e-flex e-con e-child\" data-id=\"51106596\" data-element_type=\"container\" data-e-type=\"container\" data-settings=\"{&quot;background_background&quot;:&quot;classic&quot;,&quot;motion_fx_translateY_speed&quot;:{&quot;unit&quot;:&quot;px&quot;,&quot;size&quot;:2,&quot;sizes&quot;:[]},&quot;motion_fx_devices&quot;:[&quot;desktop&quot;],&quot;animation_tablet&quot;:&quot;fadeIn&quot;,&quot;motion_fx_motion_fx_scrolling&quot;:&quot;yes&quot;,&quot;motion_fx_translateY_effect&quot;:&quot;yes&quot;,&quot;motion_fx_translateY_affectedRange&quot;:{&quot;unit&quot;:&quot;%&quot;,&quot;size&quot;:&quot;&quot;,&quot;sizes&quot;:{&quot;start&quot;:0,&quot;end&quot;:50}}}\">\n\t\t\t\t<div class=\"elementor-element elementor-element-4830314 elementor-position-right elementor-vertical-align-top elementor-widget elementor-widget-image-box\" data-id=\"4830314\" data-element_type=\"widget\" data-e-type=\"widget\" data-widget_type=\"image-box.default\">\n\t\t\t\t\t<div class=\"elementor-image-box-wrapper\"><figure class=\"elementor-image-box-img\"><img decoding=\"async\" width=\"485\" height=\"419\" src=\"https:\/\/evisacan.com\/wp-content\/uploads\/2025\/08\/approved.png\" class=\"attachment-full size-full wp-image-56\" alt=\"\" srcset=\"https:\/\/evisacan.com\/wp-content\/uploads\/2025\/08\/approved.png 485w, https:\/\/evisacan.com\/wp-content\/uploads\/2025\/08\/approved-300x259.png 300w\" sizes=\"(max-width: 485px) 100vw, 485px\" \/><\/figure><div class=\"elementor-image-box-content\"><h4 class=\"elementor-image-box-title\">Exp\u00e9rience num\u00e9rique optimis\u00e9e<\/h4><p class=\"elementor-image-box-description\">La plateforme est enti\u00e8rement compatible avec les t\u00e9l\u00e9phones portables et con\u00e7ue pour \u00eatre claire et efficace. T\u00e9l\u00e9chargez une photo de votre passeport, r\u00e9pondez \u00e0 une br\u00e8ve s\u00e9rie de questions et suivez un parcours guid\u00e9 jusqu'\u00e0 la soumission - le tout avec un minimum d'effort et un maximum de pr\u00e9cision.<\/p><\/div><\/div>\t\t\t\t<\/div>\n\t\t\t\t<\/div>\n\t\t\t\t\t<\/div>\n\t\t\t\t<\/div>\n\t\t<div class=\"elementor-element elementor-element-2fad6b5c e-flex e-con-boxed e-con e-parent\" data-id=\"2fad6b5c\" data-element_type=\"container\" data-e-type=\"container\" data-settings=\"{&quot;background_background&quot;:&quot;classic&quot;}\">\n\t\t\t\t\t<div class=\"e-con-inner\">\n\t\t<div class=\"elementor-element elementor-element-43fb0285 e-con-full e-flex e-con e-child\" data-id=\"43fb0285\" data-element_type=\"container\" data-e-type=\"container\">\n\t\t\t\t<div class=\"elementor-element elementor-element-f3b2db7 elementor-widget__width-initial elementor-invisible elementor-widget elementor-widget-heading\" data-id=\"f3b2db7\" data-element_type=\"widget\" data-e-type=\"widget\" data-settings=\"{&quot;_animation&quot;:&quot;fadeIn&quot;,&quot;_animation_delay&quot;:200}\" data-widget_type=\"heading.default\">\n\t\t\t\t\t<h2 class=\"elementor-heading-title elementor-size-default\">Notre engagement\n<\/h2>\t\t\t\t<\/div>\n\t\t\t\t<div class=\"elementor-element elementor-element-7c1b2b0e elementor-invisible elementor-widget elementor-widget-text-editor\" data-id=\"7c1b2b0e\" data-element_type=\"widget\" data-e-type=\"widget\" data-settings=\"{&quot;_animation&quot;:&quot;fadeIn&quot;,&quot;_animation_delay&quot;:400}\" data-widget_type=\"text-editor.default\">\n\t\t\t\t\t\t\t\t\t<p data-start=\"2172\" data-end=\"2466\">Nous nous engageons \u00e0 fournir une exp\u00e9rience de demande d'eTA s\u00e9curis\u00e9e, transparente et positive. En combinant la v\u00e9rification automatis\u00e9e des documents, une veille r\u00e9glementaire actualis\u00e9e et une assistance comp\u00e9tente, nous veillons \u00e0 ce que chaque demande soit compl\u00e8te et correctement pr\u00e9par\u00e9e avant d'\u00eatre soumise.<\/p><p data-start=\"2468\" data-end=\"2632\">Que vous veniez au Canada pour <strong data-start=\"2504\" data-end=\"2515\">le tourisme<\/strong>, <strong data-start=\"2517\" data-end=\"2529\">entreprise<\/strong>ou <strong data-start=\"2534\" data-end=\"2545\">transit<\/strong>Notre plateforme est con\u00e7ue pour offrir clart\u00e9, confiance et tranquillit\u00e9 d'esprit \u00e0 chaque \u00e9tape.<\/p>\t\t\t\t\t\t\t\t<\/div>\n\t\t\t\t<div class=\"elementor-element elementor-element-347421c3 elementor-position-inline-start elementor-mobile-position-inline-start elementor-view-default elementor-widget elementor-widget-icon-box\" data-id=\"347421c3\" data-element_type=\"widget\" data-e-type=\"widget\" data-widget_type=\"icon-box.default\">\n\t\t\t\t\t\t\t<div class=\"elementor-icon-box-wrapper\">\n\n\t\t\t\t\t\t<div class=\"elementor-icon-box-icon\">\n\t\t\t\t<span  class=\"elementor-icon\">\n\t\t\t\t<svg aria-hidden=\"true\" class=\"e-font-icon-svg e-fas-map-marker-alt\" viewbox=\"0 0 384 512\" xmlns=\"http:\/\/www.w3.org\/2000\/svg\"><path d=\"M172.268 501.67C26.97 291.031 0 269.413 0 192 0 85.961 85.961 0 192 0s192 85.961 192 192c0 77.413-26.97 99.031-172.268 309.67-9.535 13.774-29.93 13.773-39.464 0zM192 272c44.183 0 80-35.817 80-80s-35.817-80-80-80-80 35.817-80 80 35.817 80 80 80z\"><\/path><\/svg>\t\t\t\t<\/span>\n\t\t\t<\/div>\n\t\t\t\n\t\t\t\t\t\t<div class=\"elementor-icon-box-content\">\n\n\t\t\t\t\t\t\t\t\t<h3 class=\"elementor-icon-box-title\">\n\t\t\t\t\t\t<span  >\n\t\t\t\t\t\t\t51 Lorridge St, Richmond Hill, ON\t\t\t\t\t\t<\/span>\n\t\t\t\t\t<\/h3>\n\t\t\t\t\n\t\t\t\t\n\t\t\t<\/div>\n\t\t\t\n\t\t<\/div>\n\t\t\t\t\t\t<\/div>\n\t\t\t\t<div class=\"elementor-element elementor-element-251fc78b elementor-position-inline-start elementor-mobile-position-inline-start elementor-view-default elementor-widget elementor-widget-icon-box\" data-id=\"251fc78b\" data-element_type=\"widget\" data-e-type=\"widget\" data-widget_type=\"icon-box.default\">\n\t\t\t\t\t\t\t<div class=\"elementor-icon-box-wrapper\">\n\n\t\t\t\t\t\t<div class=\"elementor-icon-box-icon\">\n\t\t\t\t<span  class=\"elementor-icon\">\n\t\t\t\t<svg aria-hidden=\"true\" class=\"e-font-icon-svg e-far-envelope\" viewbox=\"0 0 512 512\" xmlns=\"http:\/\/www.w3.org\/2000\/svg\"><path d=\"M464 64H48C21.49 64 0 85.49 0 112v288c0 26.51 21.49 48 48 48h416c26.51 0 48-21.49 48-48V112c0-26.51-21.49-48-48-48zm0 48v40.805c-22.422 18.259-58.168 46.651-134.587 106.49-16.841 13.247-50.201 45.072-73.413 44.701-23.208.375-56.579-31.459-73.413-44.701C106.18 199.465 70.425 171.067 48 152.805V112h416zM48 400V214.398c22.914 18.251 55.409 43.862 104.938 82.646 21.857 17.205 60.134 55.186 103.062 54.955 42.717.231 80.509-37.199 103.053-54.947 49.528-38.783 82.032-64.401 104.947-82.653V400H48z\"><\/path><\/svg>\t\t\t\t<\/span>\n\t\t\t<\/div>\n\t\t\t\n\t\t\t\t\t\t<div class=\"elementor-icon-box-content\">\n\n\t\t\t\t\t\t\t\t\t<h3 class=\"elementor-icon-box-title\">\n\t\t\t\t\t\t<span  >\n\t\t\t\t\t\t\tsupport@evisacan.com\t\t\t\t\t\t<\/span>\n\t\t\t\t\t<\/h3>\n\t\t\t\t\n\t\t\t\t\n\t\t\t<\/div>\n\t\t\t\n\t\t<\/div>\n\t\t\t\t\t\t<\/div>\n\t\t\t\t<div class=\"elementor-element elementor-element-107595cd elementor-position-inline-start elementor-mobile-position-inline-start elementor-view-default elementor-widget elementor-widget-icon-box\" data-id=\"107595cd\" data-element_type=\"widget\" data-e-type=\"widget\" data-widget_type=\"icon-box.default\">\n\t\t\t\t\t\t\t<div class=\"elementor-icon-box-wrapper\">\n\n\t\t\t\t\t\t<div class=\"elementor-icon-box-icon\">\n\t\t\t\t<span  class=\"elementor-icon\">\n\t\t\t\t<svg aria-hidden=\"true\" class=\"e-font-icon-svg e-fas-phone\" viewbox=\"0 0 512 512\" xmlns=\"http:\/\/www.w3.org\/2000\/svg\"><path d=\"M493.4 24.6l-104-24c-11.3-2.6-22.9 3.3-27.5 13.9l-48 112c-4.2 9.8-1.4 21.3 6.9 28l60.6 49.6c-36 76.7-98.9 140.5-177.2 177.2l-49.6-60.6c-6.8-8.3-18.2-11.1-28-6.9l-112 48C3.9 366.5-2 378.1.6 389.4l24 104C27.1 504.2 36.7 512 48 512c256.1 0 464-207.5 464-464 0-11.2-7.7-20.9-18.6-23.4z\"><\/path><\/svg>\t\t\t\t<\/span>\n\t\t\t<\/div>\n\t\t\t\n\t\t\t\t\t\t<div class=\"elementor-icon-box-content\">\n\n\t\t\t\t\t\t\t\t\t<h3 class=\"elementor-icon-box-title\">\n\t\t\t\t\t\t<span  >\n\t\t\t\t\t\t\t+1 (613) 510 1143\t\t\t\t\t\t<\/span>\n\t\t\t\t\t<\/h3>\n\t\t\t\t\n\t\t\t\t\n\t\t\t<\/div>\n\t\t\t\n\t\t<\/div>\n\t\t\t\t\t\t<\/div>\n\t\t\t\t<div class=\"elementor-element elementor-element-c2049d2 elementor-widget__width-auto elementor-invisible elementor-widget elementor-widget-button\" data-id=\"c2049d2\" data-element_type=\"widget\" data-e-type=\"widget\" data-settings=\"{&quot;_animation&quot;:&quot;fadeIn&quot;,&quot;_animation_delay&quot;:600}\" data-widget_type=\"button.default\">\n\t\t\t\t\t\t\t\t\t\t<a class=\"elementor-button elementor-button-link elementor-size-sm\" href=\"https:\/\/evisacan.com\/fr\/contact-us-2\/\">\n\t\t\t\t\t\t<span class=\"elementor-button-content-wrapper\">\n\t\t\t\t\t\t\t\t\t<span class=\"elementor-button-text\">Nous contacter<\/span>\n\t\t\t\t\t<\/span>\n\t\t\t\t\t<\/a>\n\t\t\t\t\t\t\t\t<\/div>\n\t\t\t\t<\/div>\n\t\t\t\t\t<\/div>\n\t\t\t\t<\/div>\n\t\t\t\t<\/div>","protected":false},"excerpt":{"rendered":"<p>About Us eVisaCan Cost of Service Fee is $98 USD including the government $7 CAD Fee We provide travelers with a reliable and streamlined platform for completing their Canada Electronic Travel Authorization (eTA) applications. Our service is designed to enhance the application experience by offering intuitive digital tools, clear instructions, and optional support tailored to [&hellip;]<\/p>","protected":false},"author":1,"featured_media":0,"parent":0,"menu_order":0,"comment_status":"closed","ping_status":"closed","template":"","meta":{"footnotes":""},"class_list":["post-138","page","type-page","status-publish","hentry"],"_links":{"self":[{"href":"https:\/\/evisacan.com\/fr\/wp-json\/wp\/v2\/pages\/138","targetHints":{"allow":["GET"]}}],"collection":[{"href":"https:\/\/evisacan.com\/fr\/wp-json\/wp\/v2\/pages"}],"about":[{"href":"https:\/\/evisacan.com\/fr\/wp-json\/wp\/v2\/types\/page"}],"author":[{"embeddable":true,"href":"https:\/\/evisacan.com\/fr\/wp-json\/wp\/v2\/users\/1"}],"replies":[{"embeddable":true,"href":"https:\/\/evisacan.com\/fr\/wp-json\/wp\/v2\/comments?post=138"}],"version-history":[{"count":19,"href":"https:\/\/evisacan.com\/fr\/wp-json\/wp\/v2\/pages\/138\/revisions"}],"predecessor-version":[{"id":442,"href":"https:\/\/evisacan.com\/fr\/wp-json\/wp\/v2\/pages\/138\/revisions\/442"}],"wp:attachment":[{"href":"https:\/\/evisacan.com\/fr\/wp-json\/wp\/v2\/media?parent=138"}],"curies":[{"name":"wp","href":"https:\/\/api.w.org\/{rel}","templated":true}]}}