{"id":153,"date":"2025-08-03T20:01:52","date_gmt":"2025-08-03T20:01:52","guid":{"rendered":"https:\/\/evisacan.com\/terms-and-conditions-2\/"},"modified":"2025-08-06T17:06:30","modified_gmt":"2025-08-06T17:06:30","slug":"terms-and-conditions-2","status":"publish","type":"page","link":"https:\/\/evisacan.com\/es\/terms-and-conditions-2\/","title":{"rendered":"Condiciones generales"},"content":{"rendered":"<div data-elementor-type=\"wp-page\" data-elementor-id=\"153\" class=\"elementor elementor-153\" data-elementor-post-type=\"page\">\n\t\t\t\t<div class=\"elementor-element elementor-element-688db6b2 e-flex e-con-boxed e-con e-parent\" data-id=\"688db6b2\" data-element_type=\"container\" data-e-type=\"container\">\n\t\t\t\t\t<div class=\"e-con-inner\">\n\t\t\t\t<div class=\"elementor-element elementor-element-2949e5f6 elementor-view-stacked elementor-position-inline-start elementor-shape-circle elementor-mobile-position-block-start elementor-widget elementor-widget-icon-box\" data-id=\"2949e5f6\" data-element_type=\"widget\" data-e-type=\"widget\" data-widget_type=\"icon-box.default\">\n\t\t\t\t\t\t\t<div class=\"elementor-icon-box-wrapper\">\n\n\t\t\t\t\t\t<div class=\"elementor-icon-box-icon\">\n\t\t\t\t<span  class=\"elementor-icon\">\n\t\t\t\t<svg aria-hidden=\"true\" class=\"e-font-icon-svg e-far-circle\" viewbox=\"0 0 512 512\" xmlns=\"http:\/\/www.w3.org\/2000\/svg\"><path d=\"M256 8C119 8 8 119 8 256s111 248 248 248 248-111 248-248S393 8 256 8zm0 448c-110.5 0-200-89.5-200-200S145.5 56 256 56s200 89.5 200 200-89.5 200-200 200z\"><\/path><\/svg>\t\t\t\t<\/span>\n\t\t\t<\/div>\n\t\t\t\n\t\t\t\t\t\t<div class=\"elementor-icon-box-content\">\n\n\t\t\t\t\t\t\t\t\t<h3 class=\"elementor-icon-box-title\">\n\t\t\t\t\t\t<span  >\n\t\t\t\t\t\t\tCondiciones generales\t\t\t\t\t\t<\/span>\n\t\t\t\t\t<\/h3>\n\t\t\t\t\n\t\t\t\t\n\t\t\t<\/div>\n\t\t\t\n\t\t<\/div>\n\t\t\t\t\t\t<\/div>\n\t\t<div class=\"elementor-element elementor-element-64d5616d e-con-full e-flex e-con e-child\" data-id=\"64d5616d\" data-element_type=\"container\" data-e-type=\"container\" data-settings=\"{&quot;background_background&quot;:&quot;classic&quot;}\">\n\t\t\t\t<div class=\"elementor-element elementor-element-e63d590 elementor-widget elementor-widget-text-editor\" data-id=\"e63d590\" data-element_type=\"widget\" data-e-type=\"widget\" data-widget_type=\"text-editor.default\">\n\t\t\t\t\t\t\t\t\t<p data-start=\"302\" data-end=\"697\"><strong>Aviso importante: <\/strong><br \/>Sebe Inc. opera como una plataforma de solicitud independiente y no est\u00e1 afiliada al Gobierno de Canad\u00e1. Los viajeros pueden optar por solicitar su eTA Canad\u00e1 directamente a trav\u00e9s de la p\u00e1gina web oficial del gobierno en sin utilizar nuestra plataforma o incurrir en ning\u00fan cargo relacionado con el servicio.<\/p>\t\t\t\t\t\t\t\t<\/div>\n\t\t\t\t<\/div>\n\t\t<div class=\"elementor-element elementor-element-1ef8ea7f e-con-full e-flex e-con e-child\" data-id=\"1ef8ea7f\" data-element_type=\"container\" data-e-type=\"container\" data-settings=\"{&quot;background_background&quot;:&quot;classic&quot;}\">\n\t\t\t\t<div class=\"elementor-element elementor-element-258ddd5f elementor-widget elementor-widget-text-editor\" data-id=\"258ddd5f\" data-element_type=\"widget\" data-e-type=\"widget\" data-widget_type=\"text-editor.default\">\n\t\t\t\t\t\t\t\t\t<p>Puesta al d\u00eda: 21 de junio de 2025<\/p>\t\t\t\t\t\t\t\t<\/div>\n\t\t\t\t<div class=\"elementor-element elementor-element-15d167de elementor-widget elementor-widget-text-editor\" data-id=\"15d167de\" data-element_type=\"widget\" data-e-type=\"widget\" data-widget_type=\"text-editor.default\">\n\t\t\t\t\t\t\t\t\t<h2 data-start=\"533\" data-end=\"551\">1. Introducci\u00f3n<\/h2>\n<p data-start=\"553\" data-end=\"968\">Bienvenido a <a class=\"\" href=\"https:\/\/evisacan.com\/es\/\" target=\"_new\" rel=\"noopener\" data-start=\"564\" data-end=\"616\">https:\/\/evisacan.com<\/a>una plataforma en l\u00ednea gestionada por <strong data-start=\"649\" data-end=\"661\">Sebe Inc<\/strong>, un servicio canadiense de facilitaci\u00f3n de viajes con sede en <strong data-start=\"719\" data-end=\"756\">51 Lorridge St, Richmond Hill, ON<\/strong>. Las siguientes Condiciones del servicio (\"Condiciones\") constituyen un acuerdo vinculante entre el usuario (\"usted\") y <strong data-start=\"859\" data-end=\"871\">Sebe Inc<\/strong> (\"nosotros\", \"nuestro\" o \"la Empresa\"), que rige el uso de este sitio web y de cualquier servicio asociado.<\/p>\n<p data-start=\"970\" data-end=\"1141\">Al visitar nuestro sitio web o utilizar nuestros servicios en cualquier capacidad, usted reconoce expresamente que ha le\u00eddo, entendido y aceptado quedar vinculado por estos T\u00e9rminos en su totalidad.<\/p>\n<hr data-start=\"1143\" data-end=\"1146\">\n<h2 data-start=\"1148\" data-end=\"1171\">2. 2. Alcance de los servicios<\/h2>\n<p data-start=\"1173\" data-end=\"1490\">Nuestra plataforma ofrece un servicio opcional, de pago, dise\u00f1ado para ayudar a las personas con derecho a ello a preparar y presentar sus <strong data-start=\"1311\" data-end=\"1359\">Autorizaci\u00f3n electr\u00f3nica de viaje (eTA) de Canad\u00e1<\/strong> solicitudes. Este apoyo puede incluir orientaci\u00f3n sobre la solicitud, verificaci\u00f3n de documentos, facilitaci\u00f3n de la presentaci\u00f3n y atenci\u00f3n al cliente.<\/p>\n<p data-start=\"1492\" data-end=\"1847\">No concedemos ni expedimos eTAs. S\u00f3lo <strong data-start=\"1528\" data-end=\"1583\">Inmigraci\u00f3n, Refugiados y Ciudadan\u00eda de Canad\u00e1 (IRCC)<\/strong>bajo la autoridad de la <strong data-start=\"1612\" data-end=\"1636\">Gobierno de Canad\u00e1<\/strong>est\u00e1 autorizado a revisar, aprobar o denegar las solicitudes de eTA. Como alternativa, los particulares pueden presentar la solicitud directamente a trav\u00e9s del sitio web oficial del Gobierno, sin utilizar nuestro servicio ni pagar las tasas de tramitaci\u00f3n asociadas.<\/p>\n<hr data-start=\"1849\" data-end=\"1852\">\n<h2 data-start=\"1854\" data-end=\"1879\">3. Admisibilidad y utilizaci\u00f3n<\/h2>\n<p data-start=\"1881\" data-end=\"1949\">Al acceder o utilizar esta plataforma, usted confirma y declara que:<\/p>\n<ul data-start=\"1951\" data-end=\"2361\">\n<li data-start=\"1951\" data-end=\"2063\">\n<p data-start=\"1953\" data-end=\"2063\">Tiene al menos 18 a\u00f1os o ha obtenido el consentimiento y la supervisi\u00f3n de uno de sus padres o de su tutor legal.<\/p>\n<\/li>\n<li data-start=\"2064\" data-end=\"2169\">\n<p data-start=\"2066\" data-end=\"2169\">Posee la autoridad legal para proporcionar y presentar su propia informaci\u00f3n de viaje e identificaci\u00f3n.<\/p>\n<\/li>\n<li data-start=\"2170\" data-end=\"2237\">\n<p data-start=\"2172\" data-end=\"2237\">La informaci\u00f3n que env\u00ede sea exacta, veraz y completa.<\/p>\n<\/li>\n<li data-start=\"2238\" data-end=\"2361\">\n<p data-start=\"2240\" data-end=\"2361\">Usted se compromete a cumplir todas las leyes y reglamentos aplicables en Canad\u00e1, as\u00ed como las condiciones expuestas en estas Condiciones.<\/p>\n<\/li>\n<\/ul>\n<p data-start=\"2363\" data-end=\"2550\"><strong data-start=\"2363\" data-end=\"2375\">Sebe Inc<\/strong> se reserva el derecho a denegar el servicio o cancelar el acceso a su discreci\u00f3n en caso de violaci\u00f3n de estas condiciones o de suministro de informaci\u00f3n fraudulenta.<\/p>\n<hr data-start=\"2552\" data-end=\"2555\">\n<h2 data-start=\"2557\" data-end=\"2588\">4. Representaci\u00f3n autorizada<\/h2>\n<p data-start=\"2590\" data-end=\"2925\">Al enviar una solicitud a trav\u00e9s de nuestra plataforma, usted otorga formalmente <strong data-start=\"2651\" data-end=\"2663\">Sebe Inc<\/strong> autorizaci\u00f3n limitada para actuar en su nombre con el \u00fanico fin de facilitar su solicitud de eTA. Esto incluye el tratamiento de informaci\u00f3n personal, la preparaci\u00f3n y presentaci\u00f3n de los materiales de solicitud, y la correspondencia con usted en relaci\u00f3n con su presentaci\u00f3n.<\/p>\n<p data-start=\"2927\" data-end=\"3053\">Todas las actividades de tratamiento y representaci\u00f3n de datos se llevan a cabo de conformidad con nuestra&nbsp;<a href=\"https:\/\/evisacan.com\/es\/privacy-policy-2\/\" target=\"_blank\" rel=\"noopener\">Pol\u00edtica de privacidad<\/a>&nbsp;y&nbsp;<a href=\"https:\/\/evisacan.com\/es\/cookie-policy-2\/\" target=\"_blank\">Pol\u00edtica de cookies<\/a>.<\/p>\n<hr data-start=\"3055\" data-end=\"3058\">\n<h2 data-start=\"3060\" data-end=\"3109\">5. Plazos de examen y tramitaci\u00f3n de las solicitudes<\/h2>\n<p data-start=\"3111\" data-end=\"3458\">Una vez recibido el formulario cumplimentado, nuestro equipo proceder\u00e1 a una revisi\u00f3n detallada para confirmar que se han rellenado todos los campos obligatorios y que su informaci\u00f3n se ajusta a los criterios de admisibilidad. La mayor\u00eda de las solicitudes se tramitan en un plazo de <strong data-start=\"3339\" data-end=\"3369\">de uno a tres d\u00edas laborables<\/strong>aunque este plazo puede variar en funci\u00f3n del volumen, la exhaustividad o factores externos.<\/p>\n<p data-start=\"3460\" data-end=\"3621\">La decisi\u00f3n final sobre cualquier solicitud de eTA corresponde exclusivamente a <strong data-start=\"3524\" data-end=\"3532\">IRCC<\/strong>. <strong data-start=\"3534\" data-end=\"3546\">Sebe Inc<\/strong> no influye, acelera ni garantiza la aprobaci\u00f3n de su autorizaci\u00f3n.<\/p>\n<hr data-start=\"3623\" data-end=\"3626\">\n<h2 data-start=\"3628\" data-end=\"3664\">6. Precios, pagos y devoluciones<\/h2>\n<p data-start=\"3666\" data-end=\"3895\">Todas las tasas relacionadas con el servicio, incluida la tasa oficial de eTA del Gobierno de Canad\u00e1, se presentan de forma transparente antes del pago. Nuestras tarifas reflejan \u00fanicamente el valor a\u00f1adido de los servicios de apoyo y facilitaci\u00f3n prestados por nuestra plataforma.<\/p>\n<p data-start=\"3897\" data-end=\"4018\">Usted conserva el derecho a presentar su solicitud de eTA de forma independiente y gratuita visitando el sitio web oficial del Gobierno.<\/p>\n<p data-start=\"4020\" data-end=\"4178\">Aceptamos las principales tarjetas de cr\u00e9dito y monederos digitales. Se enviar\u00e1 una confirmaci\u00f3n de la transacci\u00f3n a su direcci\u00f3n de correo electr\u00f3nico una vez procesada correctamente.<\/p>\n<p data-start=\"4180\" data-end=\"4447\">Las devoluciones s\u00f3lo podr\u00e1n solicitarse antes de la presentaci\u00f3n oficial de su solicitud a <strong data-start=\"4266\" data-end=\"4274\">IRCC<\/strong>. Una vez presentadas, las tasas no son reembolsables. Si desea informaci\u00f3n detallada sobre nuestras condiciones de cancelaci\u00f3n y reembolso, consulte nuestro&nbsp;<a href=\"https:\/\/evisacan.com\/es\/payment-refund-and-cancellation-policy-2\/\" target=\"_blank\" rel=\"noopener\">Pol\u00edtica de pago, reembolso y cancelaci\u00f3n<\/a>.<\/p>\n<hr data-start=\"4449\" data-end=\"4452\">\n<h2 data-start=\"4454\" data-end=\"4502\">7. Propiedad y uso de la propiedad intelectual<\/h2>\n<p data-start=\"4504\" data-end=\"4828\">Todo el contenido del sitio web, la marca, los elementos de dise\u00f1o, el texto y los materiales digitales son propiedad exclusiva de <strong data-start=\"4617\" data-end=\"4629\">Sebe Inc<\/strong> o se utilizan en virtud de los correspondientes acuerdos de licencia. Queda estrictamente prohibida la reproducci\u00f3n, redistribuci\u00f3n o alteraci\u00f3n de este contenido para uso comercial o p\u00fablico sin autorizaci\u00f3n previa por escrito.<\/p>\n<p data-start=\"4830\" data-end=\"5000\">Cualquier referencia a marcas comerciales externas o a elementos de marcas de terceros se hace \u00fanicamente con fines de identificaci\u00f3n y no implica patrocinio, respaldo o afiliaci\u00f3n.<\/p>\n<hr data-start=\"5002\" data-end=\"5005\">\n<h2 data-start=\"5007\" data-end=\"5034\">8. Pol\u00edtica de uso aceptable<\/h2>\n<p data-start=\"5036\" data-end=\"5092\">Como condici\u00f3n para utilizar esta plataforma, usted se compromete a no:<\/p>\n<ul data-start=\"5094\" data-end=\"5477\">\n<li data-start=\"5094\" data-end=\"5165\">\n<p data-start=\"5096\" data-end=\"5165\">proporcionar informaci\u00f3n enga\u00f1osa, fraudulenta o deliberadamente inexacta<\/p>\n<\/li>\n<li data-start=\"5166\" data-end=\"5249\">\n<p data-start=\"5168\" data-end=\"5249\">Utilizar esta plataforma para realizar actividades ilegales, no \u00e9ticas o no autorizadas.<\/p>\n<\/li>\n<li data-start=\"5250\" data-end=\"5317\">\n<p data-start=\"5252\" data-end=\"5317\">interferir en el funcionamiento normal o la integridad del sitio web<\/p>\n<\/li>\n<li data-start=\"5318\" data-end=\"5390\">\n<p data-start=\"5320\" data-end=\"5390\">Intentar extraer, recopilar o utilizar indebidamente datos o contenidos del sitio web.<\/p>\n<\/li>\n<li data-start=\"5391\" data-end=\"5477\">\n<p data-start=\"5393\" data-end=\"5477\">Emplear bots automatizados, rastreadores u otras herramientas para manipular o acceder a la plataforma.<\/p>\n<\/li>\n<\/ul>\n<p data-start=\"5479\" data-end=\"5596\">La infracci\u00f3n de estas disposiciones puede acarrear la suspensi\u00f3n inmediata o la prohibici\u00f3n permanente de sus privilegios de acceso.<\/p>\n<hr data-start=\"5598\" data-end=\"5601\">\n<h2 data-start=\"5603\" data-end=\"5632\">9. 9. Limitaci\u00f3n de responsabilidad<\/h2>\n<p data-start=\"5634\" data-end=\"5827\">Nuestra funci\u00f3n es ofrecer asistencia en la preparaci\u00f3n y presentaci\u00f3n de su solicitud de eTA. No nos hacemos responsables de los resultados de la solicitud ni de las decisiones tomadas por el <strong data-start=\"5802\" data-end=\"5826\">Gobierno de Canad\u00e1<\/strong>.<\/p>\n<p data-start=\"5829\" data-end=\"6120\">No ofrecemos ninguna garant\u00eda sobre el plazo, el resultado o el \u00e9xito de su solicitud. En la medida m\u00e1xima permitida por la ley, <strong data-start=\"5965\" data-end=\"5977\">Sebe Inc<\/strong> no se har\u00e1 responsable de ning\u00fan da\u00f1o indirecto, incidental o consecuente derivado del uso de esta plataforma o de cualquier servicio relacionado.<\/p>\n<hr data-start=\"6122\" data-end=\"6125\">\n<h2 data-start=\"6127\" data-end=\"6158\">10. Renuncia de garant\u00edas<\/h2>\n<p data-start=\"6160\" data-end=\"6531\">Este sitio web y todos los servicios asociados se proporcionan \"tal cual\" y \"seg\u00fan disponibilidad\". No se ofrece ninguna garant\u00eda, expresa o impl\u00edcita, en relaci\u00f3n con la exactitud, actualidad o idoneidad para un fin determinado. Aunque nos esforzamos razonablemente por mantener la informaci\u00f3n actualizada, no garantizamos que todo el contenido permanezca actualizado, ininterrumpido o libre de errores.<\/p>\n<hr data-start=\"6533\" data-end=\"6536\">\n<h2 data-start=\"6538\" data-end=\"6579\">11. Suspensi\u00f3n y cancelaci\u00f3n de la cuenta<\/h2>\n<p data-start=\"6581\" data-end=\"6895\">Nos reservamos el derecho a restringir o revocar el acceso a nuestros servicios sin previo aviso si determinamos que un usuario ha infringido estas Condiciones o ha incurrido en una conducta que consideremos il\u00edcita o perjudicial. El usuario puede optar por dejar de utilizar el sitio web en cualquier momento y no est\u00e1 sujeto a ninguna obligaci\u00f3n de continuidad al hacerlo.<\/p>\n<hr data-start=\"6897\" data-end=\"6900\">\n<h2 data-start=\"6902\" data-end=\"6939\">12. Ley aplicable y jurisdicci\u00f3n<\/h2>\n<p data-start=\"6941\" data-end=\"7238\">Las presentes Condiciones del servicio se regir\u00e1n por la legislaci\u00f3n del <strong data-start=\"7001\" data-end=\"7024\">Provincia de Ontario<\/strong>as\u00ed como las leyes federales aplicables de <strong data-start=\"7068\" data-end=\"7078\">Canad\u00e1<\/strong>. Cualquier acci\u00f3n legal o procedimiento relacionado con el uso de este sitio web o de nuestros servicios se llevar\u00e1 a cabo exclusivamente en los tribunales ubicados en <strong data-start=\"7217\" data-end=\"7237\">Toronto, Ontario<\/strong>.<\/p>\n<hr data-start=\"7240\" data-end=\"7243\">\n<h2 data-start=\"7245\" data-end=\"7280\">13. Modificaciones de las presentes condiciones<\/h2>\n<p data-start=\"7282\" data-end=\"7570\">Nos reservamos el derecho a revisar o actualizar estas Condiciones en cualquier momento, y dichos cambios entrar\u00e1n en vigor en el momento de su publicaci\u00f3n en esta p\u00e1gina. Le recomendamos que revise las Condiciones peri\u00f3dicamente. El uso continuado de la plataforma despu\u00e9s de cualquier actualizaci\u00f3n constituye su aceptaci\u00f3n de los t\u00e9rminos revisados.<\/p>\n<hr data-start=\"7572\" data-end=\"7575\">\n<h2 data-start=\"7577\" data-end=\"7603\">14. 14. Informaci\u00f3n de contacto<\/h2>\n<p data-start=\"7605\" data-end=\"7731\">Si tiene alguna pregunta, comentario o duda en relaci\u00f3n con estas Condiciones o con el uso de nuestros servicios, puede ponerse en contacto con nosotros en:<\/p>\n<p data-start=\"7733\" data-end=\"7847\"><strong data-start=\"7733\" data-end=\"7745\">Sebe Inc<\/strong><br data-start=\"7745\" data-end=\"7748\">Calle Lorridge, 51<br data-start=\"7762\" data-end=\"7765\">Richmond Hill, ON<br data-start=\"7782\" data-end=\"7785\">Tel\u00e9fono: <strong data-start=\"7792\" data-end=\"7813\">+1 (613) 510 1143<\/strong><br data-start=\"7813\" data-end=\"7816\">Correo electr\u00f3nico: <strong data-start=\"7823\" data-end=\"7847\"><a class=\"cursor-pointer\" rel=\"noopener\" data-start=\"7825\" data-end=\"7845\">support@evisacan.com<\/a><\/strong><\/p>\t\t\t\t\t\t\t\t<\/div>\n\t\t\t\t<\/div>\n\t\t\t\t\t<\/div>\n\t\t\t\t<\/div>\n\t\t\t\t<\/div>","protected":false},"excerpt":{"rendered":"<p>Terms and Conditions Important Notice: Sebe Inc. operates as an independent application platform and is not affiliated with the Government of Canada. Travelers may choose to apply for their Canada eTA directly through the official government website at without utilizing our platform or incurring any service-related fees. Updated: June 21, 2025 1. Introduction Welcome to [&hellip;]<\/p>","protected":false},"author":1,"featured_media":0,"parent":0,"menu_order":0,"comment_status":"closed","ping_status":"closed","template":"","meta":{"footnotes":""},"class_list":["post-153","page","type-page","status-publish","hentry"],"_links":{"self":[{"href":"https:\/\/evisacan.com\/es\/wp-json\/wp\/v2\/pages\/153","targetHints":{"allow":["GET"]}}],"collection":[{"href":"https:\/\/evisacan.com\/es\/wp-json\/wp\/v2\/pages"}],"about":[{"href":"https:\/\/evisacan.com\/es\/wp-json\/wp\/v2\/types\/page"}],"author":[{"embeddable":true,"href":"https:\/\/evisacan.com\/es\/wp-json\/wp\/v2\/users\/1"}],"replies":[{"embeddable":true,"href":"https:\/\/evisacan.com\/es\/wp-json\/wp\/v2\/comments?post=153"}],"version-history":[{"count":13,"href":"https:\/\/evisacan.com\/es\/wp-json\/wp\/v2\/pages\/153\/revisions"}],"predecessor-version":[{"id":352,"href":"https:\/\/evisacan.com\/es\/wp-json\/wp\/v2\/pages\/153\/revisions\/352"}],"wp:attachment":[{"href":"https:\/\/evisacan.com\/es\/wp-json\/wp\/v2\/media?parent=153"}],"curies":[{"name":"wp","href":"https:\/\/api.w.org\/{rel}","templated":true}]}}