{"id":150,"date":"2025-08-03T20:01:52","date_gmt":"2025-08-03T20:01:52","guid":{"rendered":"https:\/\/evisacan.com\/privacy-policy-2\/"},"modified":"2025-08-06T17:01:42","modified_gmt":"2025-08-06T17:01:42","slug":"privacy-policy-2","status":"publish","type":"page","link":"https:\/\/evisacan.com\/es\/privacy-policy-2\/","title":{"rendered":"Pol\u00edtica de privacidad"},"content":{"rendered":"<div data-elementor-type=\"wp-page\" data-elementor-id=\"150\" class=\"elementor elementor-150\" data-elementor-post-type=\"page\">\n\t\t\t\t<div class=\"elementor-element elementor-element-63598d63 e-flex e-con-boxed e-con e-parent\" data-id=\"63598d63\" data-element_type=\"container\" data-e-type=\"container\">\n\t\t\t\t\t<div class=\"e-con-inner\">\n\t\t\t\t<div class=\"elementor-element elementor-element-3bcbdc41 elementor-view-stacked elementor-position-inline-start elementor-shape-circle elementor-mobile-position-block-start elementor-widget elementor-widget-icon-box\" data-id=\"3bcbdc41\" data-element_type=\"widget\" data-e-type=\"widget\" data-widget_type=\"icon-box.default\">\n\t\t\t\t\t\t\t<div class=\"elementor-icon-box-wrapper\">\n\n\t\t\t\t\t\t<div class=\"elementor-icon-box-icon\">\n\t\t\t\t<span  class=\"elementor-icon\">\n\t\t\t\t<svg aria-hidden=\"true\" class=\"e-font-icon-svg e-far-circle\" viewbox=\"0 0 512 512\" xmlns=\"http:\/\/www.w3.org\/2000\/svg\"><path d=\"M256 8C119 8 8 119 8 256s111 248 248 248 248-111 248-248S393 8 256 8zm0 448c-110.5 0-200-89.5-200-200S145.5 56 256 56s200 89.5 200 200-89.5 200-200 200z\"><\/path><\/svg>\t\t\t\t<\/span>\n\t\t\t<\/div>\n\t\t\t\n\t\t\t\t\t\t<div class=\"elementor-icon-box-content\">\n\n\t\t\t\t\t\t\t\t\t<h3 class=\"elementor-icon-box-title\">\n\t\t\t\t\t\t<span  >\n\t\t\t\t\t\t\tPol\u00edtica de privacidad\t\t\t\t\t\t<\/span>\n\t\t\t\t\t<\/h3>\n\t\t\t\t\n\t\t\t\t\n\t\t\t<\/div>\n\t\t\t\n\t\t<\/div>\n\t\t\t\t\t\t<\/div>\n\t\t<div class=\"elementor-element elementor-element-5e2d5bd7 e-con-full e-flex e-con e-child\" data-id=\"5e2d5bd7\" data-element_type=\"container\" data-e-type=\"container\" data-settings=\"{&quot;background_background&quot;:&quot;classic&quot;}\">\n\t\t\t\t<div class=\"elementor-element elementor-element-36219cab elementor-widget elementor-widget-text-editor\" data-id=\"36219cab\" data-element_type=\"widget\" data-e-type=\"widget\" data-widget_type=\"text-editor.default\">\n\t\t\t\t\t\t\t\t\t<p data-start=\"302\" data-end=\"697\"><strong>Aviso importante: <\/strong><br \/>Sebe Inc. opera como una plataforma de solicitud independiente y no est\u00e1 afiliada al Gobierno de Canad\u00e1. Los viajeros pueden optar por solicitar su eTA Canad\u00e1 directamente a trav\u00e9s de la p\u00e1gina web oficial del gobierno en sin utilizar nuestra plataforma o incurrir en ning\u00fan cargo relacionado con el servicio.<\/p>\t\t\t\t\t\t\t\t<\/div>\n\t\t\t\t<\/div>\n\t\t<div class=\"elementor-element elementor-element-265cdb22 e-con-full e-flex e-con e-child\" data-id=\"265cdb22\" data-element_type=\"container\" data-e-type=\"container\" data-settings=\"{&quot;background_background&quot;:&quot;classic&quot;}\">\n\t\t\t\t<div class=\"elementor-element elementor-element-21752aa0 elementor-widget elementor-widget-text-editor\" data-id=\"21752aa0\" data-element_type=\"widget\" data-e-type=\"widget\" data-widget_type=\"text-editor.default\">\n\t\t\t\t\t\t\t\t\t<p>Puesta al d\u00eda: 21 de junio de 2025<\/p>\t\t\t\t\t\t\t\t<\/div>\n\t\t\t\t<div class=\"elementor-element elementor-element-514503d5 elementor-widget elementor-widget-text-editor\" data-id=\"514503d5\" data-element_type=\"widget\" data-e-type=\"widget\" data-widget_type=\"text-editor.default\">\n\t\t\t\t\t\t\t\t\t<p data-start=\"533\" data-end=\"869\">Esta pol\u00edtica de privacidad explica c\u00f3mo <strong data-start=\"566\" data-end=\"578\">Sebe Inc<\/strong> (\"nosotros\", \"nuestro\" o \"la empresa\") recopila, procesa, comparte y protege la informaci\u00f3n personal cuando los usuarios acceden a nuestro sitio web o interact\u00faan con \u00e9l, <a class=\"\" href=\"https:\/\/evisacan.com\/es\/\" target=\"_new\" rel=\"noopener\" data-start=\"722\" data-end=\"774\">https:\/\/evisacan.com<\/a>. Al utilizar nuestra plataforma o nuestros servicios, usted reconoce y acepta las pr\u00e1cticas aqu\u00ed descritas.<\/p>\n<hr data-start=\"871\" data-end=\"874\">\n<h3 data-start=\"876\" data-end=\"900\">1. Acerca de la empresa<\/h3>\n<p data-start=\"902\" data-end=\"1169\"><strong data-start=\"902\" data-end=\"914\">Sebe Inc<\/strong> es una empresa privada canadiense que ofrece asistencia digital opcional a las personas que desean solicitar un <strong data-start=\"1028\" data-end=\"1076\">Autorizaci\u00f3n electr\u00f3nica de viaje (eTA) de Canad\u00e1<\/strong>. No estamos afiliados, respaldados ni operamos en nombre del Gobierno de Canad\u00e1.&nbsp;<span style=\"font-size: 1rem;\">La direcci\u00f3n de nuestra oficina es:&nbsp;<\/span><strong style=\"font-size: 1rem;\" data-start=\"1198\" data-end=\"1243\">51 Lorridge St, Richmond Hill, ON, Canad\u00e1<\/strong><\/p>\n<hr data-start=\"1245\" data-end=\"1248\">\n<h3 data-start=\"1250\" data-end=\"1279\">2. Informaci\u00f3n que recopilamos<\/h3>\n<p data-start=\"1281\" data-end=\"1467\">Cuando usted interact\u00faa con nuestro sitio web o nuestros servicios, podemos recopilar datos personales espec\u00edficos para prestar nuestros servicios de manera eficiente y de conformidad con la normativa sobre privacidad aplicable en Canad\u00e1.<\/p>\n<p data-start=\"1469\" data-end=\"1521\">Las categor\u00edas de informaci\u00f3n que podemos recopilar incluyen:<\/p>\n<ul data-start=\"1523\" data-end=\"2068\">\n<li data-start=\"1523\" data-end=\"1616\">\n<p data-start=\"1525\" data-end=\"1616\"><strong data-start=\"1525\" data-end=\"1552\">Identificaci\u00f3n personal<\/strong>: Nombre legal completo, nacionalidad, fecha de nacimiento y n\u00famero de pasaporte<\/p>\n<\/li>\n<li data-start=\"1617\" data-end=\"1709\">\n<p data-start=\"1619\" data-end=\"1709\"><strong data-start=\"1619\" data-end=\"1642\">Informaci\u00f3n de contacto<\/strong>: Direcci\u00f3n de correo electr\u00f3nico, n\u00famero de tel\u00e9fono, direcci\u00f3n residencial o postal<\/p>\n<\/li>\n<li data-start=\"1710\" data-end=\"1801\">\n<p data-start=\"1712\" data-end=\"1801\"><strong data-start=\"1712\" data-end=\"1734\">Informaci\u00f3n sobre viajes<\/strong>: Motivo del viaje, fechas previstas y detalles del destino<\/p>\n<\/li>\n<li data-start=\"1802\" data-end=\"1923\">\n<p data-start=\"1804\" data-end=\"1923\"><strong data-start=\"1804\" data-end=\"1827\">Credenciales de pago<\/strong>: Informaci\u00f3n de tarjetas de cr\u00e9dito o d\u00e9bito (procesada a trav\u00e9s de plataformas de pago encriptadas de terceros)<\/p>\n<\/li>\n<li data-start=\"1924\" data-end=\"2068\">\n<p data-start=\"1926\" data-end=\"2068\"><strong data-start=\"1926\" data-end=\"1954\">Datos t\u00e9cnicos y de uso<\/strong>: Direcci\u00f3n IP, tipo de navegador, sistema operativo, identificadores de dispositivo y registros de actividad a trav\u00e9s de cookies o herramientas de an\u00e1lisis.<\/p>\n<\/li>\n<\/ul>\n<p data-start=\"2070\" data-end=\"2149\">No recopilamos conscientemente datos personales de personas menores de 18 a\u00f1os.<\/p>\n<hr data-start=\"2151\" data-end=\"2154\">\n<h3 data-start=\"2156\" data-end=\"2184\">3. Finalidad del uso de los datos<\/h3>\n<p data-start=\"2186\" data-end=\"2271\">Utilizamos su informaci\u00f3n \u00fanicamente con fines operativos y legales, que pueden incluir:<\/p>\n<ul data-start=\"2273\" data-end=\"2595\">\n<li data-start=\"2273\" data-end=\"2346\">\n<p data-start=\"2275\" data-end=\"2346\">Asistencia en la preparaci\u00f3n y presentaci\u00f3n de su solicitud de eTA<\/p>\n<\/li>\n<li data-start=\"2347\" data-end=\"2409\">\n<p data-start=\"2349\" data-end=\"2409\">Env\u00edo de recibos, confirmaciones y notificaciones de servicio<\/p>\n<\/li>\n<li data-start=\"2410\" data-end=\"2468\">\n<p data-start=\"2412\" data-end=\"2468\">Responder a consultas o prestar asistencia t\u00e9cnica<\/p>\n<\/li>\n<li data-start=\"2469\" data-end=\"2529\">\n<p data-start=\"2471\" data-end=\"2529\">Supervisi\u00f3n del rendimiento, la funcionalidad y la seguridad del sitio<\/p>\n<\/li>\n<li data-start=\"2530\" data-end=\"2595\">\n<p data-start=\"2532\" data-end=\"2595\">Cumplir las obligaciones legales, fiscales o reglamentarias aplicables<\/p>\n<\/li>\n<\/ul>\n<p data-start=\"2597\" data-end=\"2755\">Nuestro tratamiento de datos se basa en fundamentos jur\u00eddicos como la necesidad contractual, el inter\u00e9s leg\u00edtimo, el consentimiento (cuando sea necesario) y el cumplimiento de obligaciones legales.<\/p>\n<hr data-start=\"2757\" data-end=\"2760\">\n<h3 data-start=\"2762\" data-end=\"2802\">4. Divulgaci\u00f3n de datos y terceros<\/h3>\n<p data-start=\"2804\" data-end=\"2964\">Podemos compartir su informaci\u00f3n con terceras entidades cuidadosamente seleccionadas estrictamente con el fin de prestar o apoyar nuestros servicios. Entre ellas pueden figurar:<\/p>\n<ul data-start=\"2966\" data-end=\"3222\">\n<li data-start=\"2966\" data-end=\"3036\">\n<p data-start=\"2968\" data-end=\"3036\"><strong data-start=\"2968\" data-end=\"3004\">Autoridades canadienses de inmigraci\u00f3n<\/strong>para transmitir su solicitud<\/p>\n<\/li>\n<li data-start=\"3037\" data-end=\"3099\">\n<p data-start=\"3039\" data-end=\"3099\"><strong data-start=\"3039\" data-end=\"3061\">Procesadores de pagos<\/strong>Completar transacciones financieras<\/p>\n<\/li>\n<li data-start=\"3100\" data-end=\"3222\">\n<p data-start=\"3102\" data-end=\"3222\"><strong data-start=\"3102\" data-end=\"3121\">Proveedores de servicios<\/strong>, incluidos proveedores de infraestructuras, plataformas en la nube, herramientas de an\u00e1lisis o sistemas de distribuci\u00f3n de correo electr\u00f3nico.<\/p>\n<\/li>\n<\/ul>\n<p data-start=\"3224\" data-end=\"3414\">No vendemos ni alquilamos sus datos personales bajo ninguna circunstancia. Todos los proveedores de servicios contratados est\u00e1n obligados por contrato a respetar las normas de confidencialidad y seguridad de los datos.<\/p>\n<hr data-start=\"3416\" data-end=\"3419\">\n<h3 data-start=\"3421\" data-end=\"3456\">5. Seguridad y protecci\u00f3n de datos<\/h3>\n<p data-start=\"3458\" data-end=\"3612\">Aplicamos pr\u00e1cticas de seguridad est\u00e1ndar del sector para reducir el riesgo de acceso no autorizado, alteraci\u00f3n o p\u00e9rdida de datos personales. Estas medidas incluyen:<\/p>\n<ul data-start=\"3614\" data-end=\"3842\">\n<li data-start=\"3614\" data-end=\"3669\">\n<p data-start=\"3616\" data-end=\"3669\">Protocolos cifrados de comunicaci\u00f3n y transferencia de datos<\/p>\n<\/li>\n<li data-start=\"3670\" data-end=\"3726\">\n<p data-start=\"3672\" data-end=\"3726\">Acceso interno controlado basado en el rol o la funci\u00f3n<\/p>\n<\/li>\n<li data-start=\"3727\" data-end=\"3778\">\n<p data-start=\"3729\" data-end=\"3778\">Entornos de alojamiento seguros y protegidos por cortafuegos<\/p>\n<\/li>\n<li data-start=\"3779\" data-end=\"3842\">\n<p data-start=\"3781\" data-end=\"3842\">revisiones y auditor\u00edas peri\u00f3dicas de nuestros procedimientos de protecci\u00f3n de datos<\/p>\n<\/li>\n<\/ul>\n<p data-start=\"3844\" data-end=\"3930\">Aunque tomamos muchas precauciones, ninguna plataforma digital puede garantizar una seguridad absoluta.<\/p>\n<hr data-start=\"3932\" data-end=\"3935\">\n<h3 data-start=\"3937\" data-end=\"3965\">6. Pol\u00edtica de conservaci\u00f3n de datos<\/h3>\n<p data-start=\"3967\" data-end=\"4256\">Sus datos personales s\u00f3lo se conservar\u00e1n durante el tiempo que sea necesario para cumplir los objetivos descritos en esta pol\u00edtica, o seg\u00fan lo exijan los marcos jur\u00eddicos aplicables. Una vez expirados los periodos de conservaci\u00f3n, los datos se eliminar\u00e1n de forma segura o se anonimizar\u00e1n de acuerdo con las mejores pr\u00e1cticas.<\/p>\n<hr data-start=\"4258\" data-end=\"4261\">\n<h3 data-start=\"4263\" data-end=\"4293\">7. Sus derechos y opciones<\/h3>\n<p data-start=\"4295\" data-end=\"4419\">Dependiendo de su lugar de residencia, puede tener derecho a ejercer derechos relativos a su informaci\u00f3n personal, entre ellos<\/p>\n<ul data-start=\"4421\" data-end=\"4761\">\n<li data-start=\"4421\" data-end=\"4461\">\n<p data-start=\"4423\" data-end=\"4461\">Acceder a una copia de sus datos almacenados<\/p>\n<\/li>\n<li data-start=\"4462\" data-end=\"4515\">\n<p data-start=\"4464\" data-end=\"4515\">Solicitar correcciones o actualizaciones de su expediente<\/p>\n<\/li>\n<li data-start=\"4516\" data-end=\"4574\">\n<p data-start=\"4518\" data-end=\"4574\">Solicitar la supresi\u00f3n o restricci\u00f3n de sus datos<\/p>\n<\/li>\n<li data-start=\"4575\" data-end=\"4618\">\n<p data-start=\"4577\" data-end=\"4618\">Oposici\u00f3n a usos espec\u00edficos de sus datos<\/p>\n<\/li>\n<li data-start=\"4619\" data-end=\"4684\">\n<p data-start=\"4621\" data-end=\"4684\">Retirada del consentimiento cuando \u00e9ste sea la base del tratamiento<\/p>\n<\/li>\n<li data-start=\"4685\" data-end=\"4761\">\n<p data-start=\"4687\" data-end=\"4761\">Presentar una queja formal ante una autoridad reguladora o supervisora de la privacidad.<\/p>\n<\/li>\n<\/ul>\n<p data-start=\"4763\" data-end=\"5025\">Los usuarios situados en el <strong data-start=\"4784\" data-end=\"4816\">Espacio Econ\u00f3mico Europeo (EEE)<\/strong>El <strong data-start=\"4822\" data-end=\"4840\">Reino Unido<\/strong>o el <strong data-start=\"4849\" data-end=\"4872\">Estado de California<\/strong> pueden tener derechos adicionales en virtud de leyes como la <strong data-start=\"4933\" data-end=\"4978\">Reglamento general de protecci\u00f3n de datos (RGPD)<\/strong> o <strong data-start=\"4982\" data-end=\"5024\">Ley de Privacidad del Consumidor de California (CCPA)<\/strong>.<\/p>\n<p data-start=\"5027\" data-end=\"5171\">Para ejercer cualquiera de los derechos anteriores, p\u00f3ngase en contacto con nosotros utilizando los datos que se facilitan a continuaci\u00f3n. Es posible que le pidamos que verifique su identidad antes de proceder.<\/p>\n<hr data-start=\"5173\" data-end=\"5176\">\n<h3 data-start=\"5178\" data-end=\"5220\">8. Uso de cookies y herramientas anal\u00edticas<\/h3>\n<p data-start=\"5222\" data-end=\"5418\">Utilizamos cookies y tecnolog\u00edas similares para mejorar la funcionalidad, controlar la participaci\u00f3n y mejorar la experiencia del usuario. Puede controlar las preferencias de cookies directamente en la configuraci\u00f3n de su navegador web.<\/p>\n<p data-start=\"5420\" data-end=\"5674\">Tambi\u00e9n podemos utilizar un seguimiento an\u00f3nimo del uso del sitio web a trav\u00e9s de servicios como Google Analytics, que recopilan informaci\u00f3n como la ubicaci\u00f3n del visitante, los patrones de navegaci\u00f3n y la duraci\u00f3n de la sesi\u00f3n. Para obtener m\u00e1s informaci\u00f3n sobre estas herramientas, consulte nuestro&nbsp;<a href=\"https:\/\/evisacan.com\/es\/cookie-policy-2\/\" target=\"_blank\">Pol\u00edtica de cookies<\/a>.<\/p>\n<hr data-start=\"5676\" data-end=\"5679\">\n<h3 data-start=\"5681\" data-end=\"5712\">9. Revisiones de esta pol\u00edtica<\/h3>\n<p data-start=\"5714\" data-end=\"5960\">Podemos actualizar o modificar esta Pol\u00edtica de Privacidad de vez en cuando para reflejar cambios en la legislaci\u00f3n, actualizaciones operativas o avances tecnol\u00f3gicos. La versi\u00f3n m\u00e1s actualizada se publicar\u00e1 siempre en esta p\u00e1gina, con la fecha de revisi\u00f3n claramente indicada.<\/p>\n<p data-start=\"5962\" data-end=\"6060\">El uso continuado del sitio despu\u00e9s de cualquier cambio implica la aceptaci\u00f3n de los t\u00e9rminos revisados.<\/p>\n<hr data-start=\"6062\" data-end=\"6065\">\n<h3 data-start=\"6067\" data-end=\"6088\">10. Contacto<\/h3>\n<p data-start=\"6090\" data-end=\"6194\">Si tiene preguntas o dudas sobre esta Pol\u00edtica de privacidad o sus datos personales, p\u00f3ngase en contacto con nosotros en:<\/p>\n<p data-start=\"6196\" data-end=\"6310\"><strong data-start=\"6196\" data-end=\"6208\">Sebe Inc<\/strong><br data-start=\"6208\" data-end=\"6211\">Calle Lorridge, 51<br data-start=\"6225\" data-end=\"6228\">Richmond Hill, ON<br data-start=\"6245\" data-end=\"6248\">Tel\u00e9fono: <strong data-start=\"6255\" data-end=\"6276\">+1 (613) 510 1143<\/strong><br data-start=\"6276\" data-end=\"6279\">Correo electr\u00f3nico: <strong data-start=\"6286\" data-end=\"6310\"><a class=\"cursor-pointer\" rel=\"noopener\" data-start=\"6288\" data-end=\"6308\">support@evisacan.com<\/a><\/strong><\/p>\t\t\t\t\t\t\t\t<\/div>\n\t\t\t\t<\/div>\n\t\t\t\t\t<\/div>\n\t\t\t\t<\/div>\n\t\t\t\t<\/div>","protected":false},"excerpt":{"rendered":"<p>Privacy Policy Important Notice: Sebe Inc. operates as an independent application platform and is not affiliated with the Government of Canada. Travelers may choose to apply for their Canada eTA directly through the official government website at without utilizing our platform or incurring any service-related fees. Updated: June 21, 2025 This Privacy Policy explains how [&hellip;]<\/p>","protected":false},"author":1,"featured_media":0,"parent":0,"menu_order":0,"comment_status":"closed","ping_status":"closed","template":"","meta":{"footnotes":""},"class_list":["post-150","page","type-page","status-publish","hentry"],"_links":{"self":[{"href":"https:\/\/evisacan.com\/es\/wp-json\/wp\/v2\/pages\/150","targetHints":{"allow":["GET"]}}],"collection":[{"href":"https:\/\/evisacan.com\/es\/wp-json\/wp\/v2\/pages"}],"about":[{"href":"https:\/\/evisacan.com\/es\/wp-json\/wp\/v2\/types\/page"}],"author":[{"embeddable":true,"href":"https:\/\/evisacan.com\/es\/wp-json\/wp\/v2\/users\/1"}],"replies":[{"embeddable":true,"href":"https:\/\/evisacan.com\/es\/wp-json\/wp\/v2\/comments?post=150"}],"version-history":[{"count":10,"href":"https:\/\/evisacan.com\/es\/wp-json\/wp\/v2\/pages\/150\/revisions"}],"predecessor-version":[{"id":343,"href":"https:\/\/evisacan.com\/es\/wp-json\/wp\/v2\/pages\/150\/revisions\/343"}],"wp:attachment":[{"href":"https:\/\/evisacan.com\/es\/wp-json\/wp\/v2\/media?parent=150"}],"curies":[{"name":"wp","href":"https:\/\/api.w.org\/{rel}","templated":true}]}}