{"id":147,"date":"2025-08-03T20:01:52","date_gmt":"2025-08-03T20:01:52","guid":{"rendered":"https:\/\/evisacan.com\/cookie-policy-2\/"},"modified":"2025-08-06T02:10:57","modified_gmt":"2025-08-06T02:10:57","slug":"cookie-policy-2","status":"publish","type":"page","link":"https:\/\/evisacan.com\/es\/cookie-policy-2\/","title":{"rendered":"Pol\u00edtica de cookies"},"content":{"rendered":"<div data-elementor-type=\"wp-page\" data-elementor-id=\"147\" class=\"elementor elementor-147\" data-elementor-post-type=\"page\">\n\t\t\t\t<div class=\"elementor-element elementor-element-3d203d7c e-flex e-con-boxed e-con e-parent\" data-id=\"3d203d7c\" data-element_type=\"container\" data-e-type=\"container\">\n\t\t\t\t\t<div class=\"e-con-inner\">\n\t\t\t\t<div class=\"elementor-element elementor-element-691ef1de elementor-view-stacked elementor-position-inline-start elementor-shape-circle elementor-mobile-position-block-start elementor-widget elementor-widget-icon-box\" data-id=\"691ef1de\" data-element_type=\"widget\" data-e-type=\"widget\" data-widget_type=\"icon-box.default\">\n\t\t\t\t\t\t\t<div class=\"elementor-icon-box-wrapper\">\n\n\t\t\t\t\t\t<div class=\"elementor-icon-box-icon\">\n\t\t\t\t<span  class=\"elementor-icon\">\n\t\t\t\t<svg aria-hidden=\"true\" class=\"e-font-icon-svg e-far-circle\" viewbox=\"0 0 512 512\" xmlns=\"http:\/\/www.w3.org\/2000\/svg\"><path d=\"M256 8C119 8 8 119 8 256s111 248 248 248 248-111 248-248S393 8 256 8zm0 448c-110.5 0-200-89.5-200-200S145.5 56 256 56s200 89.5 200 200-89.5 200-200 200z\"><\/path><\/svg>\t\t\t\t<\/span>\n\t\t\t<\/div>\n\t\t\t\n\t\t\t\t\t\t<div class=\"elementor-icon-box-content\">\n\n\t\t\t\t\t\t\t\t\t<h3 class=\"elementor-icon-box-title\">\n\t\t\t\t\t\t<span  >\n\t\t\t\t\t\t\tPol\u00edtica de cookies\t\t\t\t\t\t<\/span>\n\t\t\t\t\t<\/h3>\n\t\t\t\t\n\t\t\t\t\n\t\t\t<\/div>\n\t\t\t\n\t\t<\/div>\n\t\t\t\t\t\t<\/div>\n\t\t<div class=\"elementor-element elementor-element-257bcbc0 e-con-full e-flex e-con e-child\" data-id=\"257bcbc0\" data-element_type=\"container\" data-e-type=\"container\" data-settings=\"{&quot;background_background&quot;:&quot;classic&quot;}\">\n\t\t\t\t<div class=\"elementor-element elementor-element-23664242 elementor-widget elementor-widget-text-editor\" data-id=\"23664242\" data-element_type=\"widget\" data-e-type=\"widget\" data-widget_type=\"text-editor.default\">\n\t\t\t\t\t\t\t\t\t<p data-start=\"302\" data-end=\"697\"><strong>Aviso importante: <\/strong><br \/>Sebe Inc. opera como una plataforma de solicitud independiente y no est\u00e1 afiliada al Gobierno de Canad\u00e1. Los viajeros pueden optar por solicitar su eTA Canad\u00e1 directamente a trav\u00e9s de la p\u00e1gina web oficial del gobierno en sin utilizar nuestra plataforma o incurrir en ning\u00fan cargo relacionado con el servicio.<\/p>\t\t\t\t\t\t\t\t<\/div>\n\t\t\t\t<\/div>\n\t\t<div class=\"elementor-element elementor-element-57b4946b e-con-full e-flex e-con e-child\" data-id=\"57b4946b\" data-element_type=\"container\" data-e-type=\"container\" data-settings=\"{&quot;background_background&quot;:&quot;classic&quot;}\">\n\t\t\t\t<div class=\"elementor-element elementor-element-43ff6c84 elementor-widget elementor-widget-text-editor\" data-id=\"43ff6c84\" data-element_type=\"widget\" data-e-type=\"widget\" data-widget_type=\"text-editor.default\">\n\t\t\t\t\t\t\t\t\t<p>Puesta al d\u00eda: 21 de junio de 2025<\/p>\t\t\t\t\t\t\t\t<\/div>\n\t\t\t\t<div class=\"elementor-element elementor-element-c0e13dd elementor-widget elementor-widget-text-editor\" data-id=\"c0e13dd\" data-element_type=\"widget\" data-e-type=\"widget\" data-widget_type=\"text-editor.default\">\n\t\t\t\t\t\t\t\t\t<p data-start=\"528\" data-end=\"839\">Esta Pol\u00edtica de cookies explica c\u00f3mo <strong data-start=\"560\" data-end=\"572\">Sebe Inc<\/strong> (\"nosotros\", \"nuestro\" o \"nos\") utiliza cookies y tecnolog\u00edas de seguimiento similares en nuestro sitio web, <a class=\"\" href=\"https:\/\/evisacan.com\/es\/\" target=\"_new\" rel=\"noopener\" data-start=\"659\" data-end=\"711\">https:\/\/evisacan.com<\/a>y describe sus derechos y opciones en relaci\u00f3n con las preferencias de cookies, de conformidad con la legislaci\u00f3n canadiense aplicable en materia de privacidad.<\/p><hr data-start=\"841\" data-end=\"844\" \/><h3 data-start=\"846\" data-end=\"883\">1. Controlador de datos y uso de cookies<\/h3><p data-start=\"885\" data-end=\"1288\">Este sitio web es propiedad y est\u00e1 gestionado por <strong data-start=\"923\" data-end=\"935\">Sebe Inc<\/strong>proveedor privado de servicios digitales con sede en <strong data-start=\"981\" data-end=\"1015\">Richmond Hill, Ontario, Canad\u00e1<\/strong>que ofrece soporte opcional de aplicaciones para la Autorizaci\u00f3n Electr\u00f3nica de Viaje (eTA) de Canad\u00e1. Como responsables del tratamiento de datos, determinamos la finalidad y los medios por los que se utilizan las cookies en esta plataforma y somos responsables del cumplimiento de las normas de protecci\u00f3n de datos pertinentes.<\/p><hr data-start=\"1290\" data-end=\"1293\" \/><h3 data-start=\"1295\" data-end=\"1319\">2. \u00bfQu\u00e9 son las cookies?<\/h3><p data-start=\"1321\" data-end=\"1536\">Las cookies son peque\u00f1os archivos de datos que los sitios web almacenan en su dispositivo (ordenador, tel\u00e9fono inteligente o tableta) cuando los visita. Sirven para reconocer su navegador y conservar informaci\u00f3n espec\u00edfica entre sesiones.<\/p><p data-start=\"1538\" data-end=\"1586\">Existen diferentes tipos de cookies, entre ellos<\/p><ul data-start=\"1588\" data-end=\"1961\"><li data-start=\"1588\" data-end=\"1678\"><p data-start=\"1590\" data-end=\"1678\"><strong data-start=\"1590\" data-end=\"1609\">Cookies de sesi\u00f3n<\/strong> - Cookies temporales que expiran al cerrar la ventana del navegador<\/p><\/li><li data-start=\"1679\" data-end=\"1777\"><p data-start=\"1681\" data-end=\"1777\"><strong data-start=\"1681\" data-end=\"1703\">Cookies persistentes<\/strong> - Se almacena en su dispositivo hasta que se elimina manualmente o caduca autom\u00e1ticamente<\/p><\/li><li data-start=\"1778\" data-end=\"1849\"><p data-start=\"1780\" data-end=\"1849\"><strong data-start=\"1780\" data-end=\"1803\">Cookies de origen<\/strong> - Fijado directamente por nuestro dominio (evisacan.com)<\/p><\/li><li data-start=\"1850\" data-end=\"1961\"><p data-start=\"1852\" data-end=\"1961\"><strong data-start=\"1852\" data-end=\"1875\">Cookies de terceros<\/strong> - Establecidos por servicios externos con los que nos integramos (por ejemplo, an\u00e1lisis, plataformas publicitarias)<\/p><\/li><\/ul><hr data-start=\"1963\" data-end=\"1966\" \/><h3 data-start=\"1968\" data-end=\"2001\">3. Categor\u00edas de cookies utilizadas<\/h3><p data-start=\"2003\" data-end=\"2101\">Desplegamos una serie de cookies para apoyar tanto la funcionalidad esencial como la optimizaci\u00f3n del rendimiento:<\/p><ul data-start=\"2103\" data-end=\"2887\"><li data-start=\"2103\" data-end=\"2301\"><p data-start=\"2105\" data-end=\"2301\"><strong data-start=\"2105\" data-end=\"2135\">Cookies estrictamente necesarias<\/strong>: Son necesarias para el funcionamiento b\u00e1sico y la seguridad de nuestro sitio web, como el env\u00edo de formularios, el procesamiento de pagos y la prevenci\u00f3n del fraude. No se pueden desactivar.<\/p><\/li><li data-start=\"2303\" data-end=\"2460\"><p data-start=\"2305\" data-end=\"2460\"><strong data-start=\"2305\" data-end=\"2327\">Cookies funcionales<\/strong>: Estas cookies conservan sus preferencias, como el idioma seleccionado, la regi\u00f3n u otras personalizaciones, para mejorar su experiencia de usuario.<\/p><\/li><li data-start=\"2462\" data-end=\"2660\"><p data-start=\"2464\" data-end=\"2660\"><strong data-start=\"2464\" data-end=\"2485\">Cookies anal\u00edticas<\/strong>: Se utilizan para recopilar datos agregados sobre c\u00f3mo interact\u00faan los visitantes con el sitio. Estas cookies nos ayudan a comprender los patrones de tr\u00e1fico, optimizar el rendimiento e identificar las tendencias de los usuarios.<\/p><\/li><li data-start=\"2662\" data-end=\"2887\"><p data-start=\"2664\" data-end=\"2887\"><strong data-start=\"2664\" data-end=\"2699\">Cookies de marketing y reorientaci\u00f3n<\/strong>: Nos permiten mostrar anuncios relevantes basados en su actividad en nuestro sitio. Estas cookies pueden rastrear visitas e interacciones para la entrega de anuncios en plataformas como Google Ads o Facebook.<\/p><\/li><\/ul><hr data-start=\"2889\" data-end=\"2892\" \/><h3 data-start=\"2894\" data-end=\"2934\">4. Consentimiento y aviso inicial sobre cookies<\/h3><p data-start=\"2936\" data-end=\"3278\">En su primera visita a nuestro sitio web, aparecer\u00e1 un banner de cookies solicitando su consentimiento para el uso de cookies no esenciales. Mientras <strong data-start=\"3069\" data-end=\"3099\">Cookies estrictamente necesarias<\/strong> se activan autom\u00e1ticamente, tendr\u00e1 la opci\u00f3n de aceptar o gestionar las preferencias para todas las dem\u00e1s categor\u00edas. Su consentimiento se almacenar\u00e1 de conformidad con las normas reglamentarias.<\/p><hr data-start=\"3280\" data-end=\"3283\" \/><h3 data-start=\"3285\" data-end=\"3324\">5. Gesti\u00f3n de sus preferencias de cookies<\/h3><p data-start=\"3326\" data-end=\"3410\">Puede controlar o desactivar las cookies en cualquier momento a trav\u00e9s de uno de los siguientes m\u00e9todos:<\/p><ul data-start=\"3412\" data-end=\"3541\"><li data-start=\"3412\" data-end=\"3480\"><p data-start=\"3414\" data-end=\"3480\">Ajustando la configuraci\u00f3n a trav\u00e9s del <strong data-start=\"3452\" data-end=\"3478\">Gestor de consentimiento de cookies<\/strong><\/p><\/li><li data-start=\"3481\" data-end=\"3541\"><p data-start=\"3483\" data-end=\"3541\">Modificando las preferencias de privacidad y cookies de su navegador<\/p><\/li><\/ul><p data-start=\"3543\" data-end=\"3684\">Tenga en cuenta que la desactivaci\u00f3n de determinadas cookies puede reducir la experiencia del usuario o limitar el acceso a determinadas funciones de nuestro sitio web.<\/p><hr data-start=\"3686\" data-end=\"3689\" \/><h3 data-start=\"3691\" data-end=\"3724\">6. Publicidad basada en intereses<\/h3><p data-start=\"3726\" data-end=\"3941\">Es posible que encuentre anuncios personalizados basados en su comportamiento de navegaci\u00f3n en este sitio web. Estos anuncios pueden mostrarse en plataformas o redes publicitarias de terceros. Para rechazar la publicidad basada en sus intereses, puede visitar:<\/p><ul data-start=\"3943\" data-end=\"4093\"><li data-start=\"3943\" data-end=\"4013\"><p data-start=\"3945\" data-end=\"4013\"><a class=\"cursor-pointer\" target=\"_new\" rel=\"noopener\" data-start=\"3945\" data-end=\"4011\">Alianza de Publicidad Digital (DAA)<\/a><\/p><\/li><li data-start=\"4014\" data-end=\"4093\"><p data-start=\"4016\" data-end=\"4093\"><a class=\"cursor-pointer\" target=\"_new\" rel=\"noopener\" data-start=\"4016\" data-end=\"4093\">Iniciativa de Publicidad en Red (NAI)<\/a><\/p><\/li><\/ul><p data-start=\"4095\" data-end=\"4216\">Tenga en cuenta que la exclusi\u00f3n no elimina por completo los anuncios, sino que impide que se adapten a su actividad en Internet.<\/p><hr data-start=\"4218\" data-end=\"4221\" \/><h3 data-start=\"4223\" data-end=\"4253\">7. Uso de Google Analytics<\/h3><p data-start=\"4255\" data-end=\"4559\">Utilizamos <strong data-start=\"4262\" data-end=\"4282\">Google Analytics<\/strong>un servicio de an\u00e1lisis web proporcionado por <strong data-start=\"4320\" data-end=\"4334\">Google LLC<\/strong>para recopilar datos an\u00f3nimos sobre tr\u00e1fico y comportamiento. Esto incluye m\u00e9tricas como p\u00e1ginas vistas, duraci\u00f3n de la visita, tipo de navegador y geolocalizaci\u00f3n general. En la medida de lo posible, las direcciones IP se anonimizan antes de ser almacenadas o procesadas.<\/p><p data-start=\"4561\" data-end=\"4613\">Puede obtener m\u00e1s informaci\u00f3n o darse de baja utilizando los enlaces que figuran a continuaci\u00f3n:<\/p><ul data-start=\"4615\" data-end=\"4755\"><li data-start=\"4615\" data-end=\"4681\"><p data-start=\"4617\" data-end=\"4681\"><a class=\"cursor-pointer\" target=\"_new\" rel=\"noopener\" data-start=\"4617\" data-end=\"4679\">Pol\u00edtica de privacidad de Google<\/a><\/p><\/li><li data-start=\"4682\" data-end=\"4755\"><p data-start=\"4684\" data-end=\"4755\"><a class=\"cursor-pointer\" target=\"_new\" rel=\"noopener\" data-start=\"4684\" data-end=\"4755\">Exclusi\u00f3n de Google Analytics<\/a><\/p><\/li><\/ul><hr data-start=\"4757\" data-end=\"4760\" \/><h3 data-start=\"4762\" data-end=\"4788\">8. 8. Informaci\u00f3n de contacto<\/h3><p data-start=\"4790\" data-end=\"4933\">Si tiene alguna duda sobre esta Pol\u00edtica de Cookies o desea saber m\u00e1s sobre c\u00f3mo se utilizan sus datos en nuestro sitio web, puede ponerse en contacto con nosotros en:<\/p><p data-start=\"4935\" data-end=\"5049\"><strong data-start=\"4935\" data-end=\"4947\">Sebe Inc<\/strong><br data-start=\"4947\" data-end=\"4950\" \/>Calle Lorridge, 51<br data-start=\"4964\" data-end=\"4967\" \/>Richmond Hill, ON<br data-start=\"4984\" data-end=\"4987\" \/>Tel\u00e9fono: <strong data-start=\"4994\" data-end=\"5015\">+1 (613) 510 1143<\/strong><br data-start=\"5015\" data-end=\"5018\" \/>Correo electr\u00f3nico: <strong data-start=\"5025\" data-end=\"5049\"><a class=\"cursor-pointer\" rel=\"noopener\" data-start=\"5027\" data-end=\"5047\">support@evisacan.com<\/a><\/strong><\/p>\t\t\t\t\t\t\t\t<\/div>\n\t\t\t\t<\/div>\n\t\t\t\t\t<\/div>\n\t\t\t\t<\/div>\n\t\t\t\t<\/div>","protected":false},"excerpt":{"rendered":"<p>Cookie Policy Important Notice: Sebe Inc. operates as an independent application platform and is not affiliated with the Government of Canada. Travelers may choose to apply for their Canada eTA directly through the official government website at without utilizing our platform or incurring any service-related fees. Updated: June 21, 2025 This Cookie Policy explains how [&hellip;]<\/p>","protected":false},"author":1,"featured_media":0,"parent":0,"menu_order":0,"comment_status":"closed","ping_status":"closed","template":"","meta":{"footnotes":""},"class_list":["post-147","page","type-page","status-publish","hentry"],"_links":{"self":[{"href":"https:\/\/evisacan.com\/es\/wp-json\/wp\/v2\/pages\/147","targetHints":{"allow":["GET"]}}],"collection":[{"href":"https:\/\/evisacan.com\/es\/wp-json\/wp\/v2\/pages"}],"about":[{"href":"https:\/\/evisacan.com\/es\/wp-json\/wp\/v2\/types\/page"}],"author":[{"embeddable":true,"href":"https:\/\/evisacan.com\/es\/wp-json\/wp\/v2\/users\/1"}],"replies":[{"embeddable":true,"href":"https:\/\/evisacan.com\/es\/wp-json\/wp\/v2\/comments?post=147"}],"version-history":[{"count":7,"href":"https:\/\/evisacan.com\/es\/wp-json\/wp\/v2\/pages\/147\/revisions"}],"predecessor-version":[{"id":319,"href":"https:\/\/evisacan.com\/es\/wp-json\/wp\/v2\/pages\/147\/revisions\/319"}],"wp:attachment":[{"href":"https:\/\/evisacan.com\/es\/wp-json\/wp\/v2\/media?parent=147"}],"curies":[{"name":"wp","href":"https:\/\/api.w.org\/{rel}","templated":true}]}}