{"id":141,"date":"2025-08-03T20:01:51","date_gmt":"2025-08-03T20:01:51","guid":{"rendered":"https:\/\/evisacan.com\/disclaimer-2\/"},"modified":"2025-08-06T17:04:07","modified_gmt":"2025-08-06T17:04:07","slug":"disclaimer-2","status":"publish","type":"page","link":"https:\/\/evisacan.com\/es\/disclaimer-2\/","title":{"rendered":"Descargo de responsabilidad"},"content":{"rendered":"<div data-elementor-type=\"wp-page\" data-elementor-id=\"141\" class=\"elementor elementor-141\" data-elementor-post-type=\"page\">\n\t\t\t\t<div class=\"elementor-element elementor-element-44ee5a03 e-flex e-con-boxed e-con e-parent\" data-id=\"44ee5a03\" data-element_type=\"container\" data-e-type=\"container\">\n\t\t\t\t\t<div class=\"e-con-inner\">\n\t\t\t\t<div class=\"elementor-element elementor-element-2ae2dc6c elementor-view-stacked elementor-position-inline-start elementor-shape-circle elementor-mobile-position-block-start elementor-widget elementor-widget-icon-box\" data-id=\"2ae2dc6c\" data-element_type=\"widget\" data-e-type=\"widget\" data-widget_type=\"icon-box.default\">\n\t\t\t\t\t\t\t<div class=\"elementor-icon-box-wrapper\">\n\n\t\t\t\t\t\t<div class=\"elementor-icon-box-icon\">\n\t\t\t\t<span  class=\"elementor-icon\">\n\t\t\t\t<svg aria-hidden=\"true\" class=\"e-font-icon-svg e-far-circle\" viewbox=\"0 0 512 512\" xmlns=\"http:\/\/www.w3.org\/2000\/svg\"><path d=\"M256 8C119 8 8 119 8 256s111 248 248 248 248-111 248-248S393 8 256 8zm0 448c-110.5 0-200-89.5-200-200S145.5 56 256 56s200 89.5 200 200-89.5 200-200 200z\"><\/path><\/svg>\t\t\t\t<\/span>\n\t\t\t<\/div>\n\t\t\t\n\t\t\t\t\t\t<div class=\"elementor-icon-box-content\">\n\n\t\t\t\t\t\t\t\t\t<h3 class=\"elementor-icon-box-title\">\n\t\t\t\t\t\t<span  >\n\t\t\t\t\t\t\tDescargo de responsabilidad\t\t\t\t\t\t<\/span>\n\t\t\t\t\t<\/h3>\n\t\t\t\t\n\t\t\t\t\n\t\t\t<\/div>\n\t\t\t\n\t\t<\/div>\n\t\t\t\t\t\t<\/div>\n\t\t<div class=\"elementor-element elementor-element-1c43a041 e-con-full e-flex e-con e-child\" data-id=\"1c43a041\" data-element_type=\"container\" data-e-type=\"container\" data-settings=\"{&quot;background_background&quot;:&quot;classic&quot;}\">\n\t\t\t\t<div class=\"elementor-element elementor-element-155ed031 elementor-widget elementor-widget-text-editor\" data-id=\"155ed031\" data-element_type=\"widget\" data-e-type=\"widget\" data-widget_type=\"text-editor.default\">\n\t\t\t\t\t\t\t\t\t<p data-start=\"302\" data-end=\"697\"><strong>Aviso importante: <\/strong><br \/>Sebe Inc. opera como una plataforma de solicitud independiente y no est\u00e1 afiliada al Gobierno de Canad\u00e1. Los viajeros pueden optar por solicitar su eTA Canad\u00e1 directamente a trav\u00e9s de la p\u00e1gina web oficial del gobierno en sin utilizar nuestra plataforma o incurrir en ning\u00fan cargo relacionado con el servicio.<\/p>\t\t\t\t\t\t\t\t<\/div>\n\t\t\t\t<\/div>\n\t\t<div class=\"elementor-element elementor-element-69b4c548 e-con-full e-flex e-con e-child\" data-id=\"69b4c548\" data-element_type=\"container\" data-e-type=\"container\" data-settings=\"{&quot;background_background&quot;:&quot;classic&quot;}\">\n\t\t\t\t<div class=\"elementor-element elementor-element-2acb424e elementor-widget elementor-widget-text-editor\" data-id=\"2acb424e\" data-element_type=\"widget\" data-e-type=\"widget\" data-widget_type=\"text-editor.default\">\n\t\t\t\t\t\t\t\t\t<p>Puesta al d\u00eda: 21 de junio de 2025<\/p>\t\t\t\t\t\t\t\t<\/div>\n\t\t\t\t<div class=\"elementor-element elementor-element-54a99d4 elementor-widget elementor-widget-text-editor\" data-id=\"54a99d4\" data-element_type=\"widget\" data-e-type=\"widget\" data-widget_type=\"text-editor.default\">\n\t\t\t\t\t\t\t\t\t<p data-start=\"609\" data-end=\"875\">El presente descargo de responsabilidad (\"Descargo de responsabilidad\") se aplica al sitio web <a class=\"\" href=\"https:\/\/evisacan.com\/es\/\" target=\"_new\" rel=\"noopener\" data-start=\"663\" data-end=\"715\">https:\/\/evisacan.com<\/a> (\"Sitio web\"), gestionado por <strong data-start=\"741\" data-end=\"753\">Sebe Inc<\/strong>, empresa privada de asistencia en viaje con sede en <strong data-start=\"808\" data-end=\"842\">Richmond Hill, Ontario, Canad\u00e1<\/strong> (\"nosotros\", \"nuestro\" o \"la Empresa\").<\/p>\n<hr data-start=\"877\" data-end=\"880\">\n<h3 data-start=\"882\" data-end=\"930\">1. Sin relaci\u00f3n o respaldo gubernamental<\/h3>\n<p data-start=\"932\" data-end=\"1286\"><strong data-start=\"932\" data-end=\"944\">Sebe Inc<\/strong> funciona de forma independiente y es <strong data-start=\"975\" data-end=\"1039\">no est\u00e1 afiliada, respaldada u oficialmente relacionada con<\/strong> el <strong data-start=\"1044\" data-end=\"1068\">Gobierno de Canad\u00e1<\/strong>, <strong data-start=\"1070\" data-end=\"1125\">Inmigraci\u00f3n, Refugiados y Ciudadan\u00eda de Canad\u00e1 (IRCC)<\/strong>o cualquier autoridad federal. Ofrecemos un servicio de gesti\u00f3n privada y de pago para ayudar a los viajeros que solicitan <strong data-start=\"1235\" data-end=\"1285\">Autorizaci\u00f3n electr\u00f3nica de viaje (eTA) de Canad\u00e1<\/strong>.<\/p>\n<p data-start=\"1288\" data-end=\"1477\">Los solicitantes que prefieran presentar su solicitud directamente, sin utilizar nuestra plataforma ni incurrir en gastos relacionados con el servicio, pueden hacerlo a trav\u00e9s de la p\u00e1gina web oficial del Gobierno en <a class=\"\" href=\"https:\/\/www.canada.ca\" target=\"_new\" rel=\"noopener\" data-start=\"1438\" data-end=\"1476\">www.canada.ca<\/a>.<\/p>\n<hr data-start=\"1479\" data-end=\"1482\">\n<h3 data-start=\"1484\" data-end=\"1542\">2. Uso informativo \u00fanicamente - No se prestan servicios jur\u00eddicos<\/h3>\n<p data-start=\"1544\" data-end=\"1960\">El contenido presentado en este sitio web est\u00e1 destinado \u00fanicamente a fines informativos generales y no constituye asesoramiento u opini\u00f3n jur\u00eddica. No se crea ninguna relaci\u00f3n abogado-cliente o asesor a trav\u00e9s del uso de este sitio o de nuestros servicios. Si necesita orientaci\u00f3n espec\u00edfica sobre su situaci\u00f3n legal o de inmigraci\u00f3n, le recomendamos encarecidamente que consulte a un abogado de inmigraci\u00f3n cualificado o a un asesor jur\u00eddico regulado.<\/p>\n<hr data-start=\"1962\" data-end=\"1965\">\n<h3 data-start=\"1967\" data-end=\"2003\">3. Exactitud y actualidad de los contenidos<\/h3>\n<p data-start=\"2005\" data-end=\"2250\">Hacemos esfuerzos razonables para mantener informaci\u00f3n exacta y actualizada en nuestro sitio web. No obstante, los procedimientos, tasas y pol\u00edticas de inmigraci\u00f3n canadienses est\u00e1n sujetos a modificaciones en cualquier momento por parte del Gobierno de Canad\u00e1 sin previo aviso.<\/p>\n<p data-start=\"2252\" data-end=\"2468\">En consecuencia, no podemos garantizar que todo el contenido del sitio web refleje siempre las normas m\u00e1s recientes o est\u00e9 libre de errores u omisiones. Se aconseja a los usuarios que act\u00faen con criterio propio cuando se basen en esta informaci\u00f3n.<\/p>\n<hr data-start=\"2470\" data-end=\"2473\">\n<h3 data-start=\"2475\" data-end=\"2510\">4. Naturaleza y alcance de los servicios<\/h3>\n<p data-start=\"2512\" data-end=\"2594\">El uso de nuestra plataforma es totalmente voluntario y no es obligatorio para obtener una eTA de Canad\u00e1.<\/p>\n<p data-start=\"2596\" data-end=\"2671\">Nuestro servicio est\u00e1 dise\u00f1ado para mejorar el proceso de solicitud y puede incluir:<\/p>\n<ul data-start=\"2673\" data-end=\"2962\">\n<li data-start=\"2673\" data-end=\"2728\">\n<p data-start=\"2675\" data-end=\"2728\">Revisi\u00f3n de los datos de la solicitud para comprobar su exactitud y claridad<\/p>\n<\/li>\n<li data-start=\"2729\" data-end=\"2780\">\n<p data-start=\"2731\" data-end=\"2780\">Apoyo a los solicitantes en la preparaci\u00f3n de documentos<\/p>\n<\/li>\n<li data-start=\"2781\" data-end=\"2856\">\n<p data-start=\"2783\" data-end=\"2856\">Proporcionar un servicio de atenci\u00f3n al cliente por correo electr\u00f3nico durante todo el ciclo de solicitud<\/p>\n<\/li>\n<li data-start=\"2857\" data-end=\"2905\">\n<p data-start=\"2859\" data-end=\"2905\">Presentar solicitudes en nombre del usuario<\/p>\n<\/li>\n<li data-start=\"2906\" data-end=\"2962\">\n<p data-start=\"2908\" data-end=\"2962\">Ofrecer un apoyo limitado al reprocesamiento cuando proceda<\/p>\n<\/li>\n<\/ul>\n<p data-start=\"2964\" data-end=\"2985\">Nuestros precios incluyen:<\/p>\n<ul data-start=\"2987\" data-end=\"3157\">\n<li data-start=\"2987\" data-end=\"3063\">\n<p data-start=\"2989\" data-end=\"3063\">La tasa oficial de la eTA del Gobierno de Canad\u00e1, que nosotros abonaremos en su nombre.<\/p>\n<\/li>\n<li data-start=\"3064\" data-end=\"3157\">\n<p data-start=\"3066\" data-end=\"3157\">Una tarifa de servicio claramente indicada por el uso de nuestra plataforma digital y funciones de asistencia<\/p>\n<\/li>\n<\/ul>\n<p data-start=\"3159\" data-end=\"3337\">Tenga en cuenta que, aunque nuestro objetivo es optimizar la experiencia de solicitud, el resultado de su solicitud depende exclusivamente de <strong data-start=\"3285\" data-end=\"3293\">IRCC<\/strong>. No influimos ni garantizamos la aprobaci\u00f3n.<\/p>\n<hr data-start=\"3339\" data-end=\"3342\">\n<h3 data-start=\"3344\" data-end=\"3374\">5. 5. Limitaci\u00f3n de responsabilidad<\/h3>\n<p data-start=\"3376\" data-end=\"3617\">En la medida en que lo permita la legislaci\u00f3n aplicable, <strong data-start=\"3422\" data-end=\"3434\">Sebe Inc<\/strong> declina toda responsabilidad por cualquier da\u00f1o -directo, indirecto, incidental o consecuente- que pueda derivarse del uso de este sitio web o de nuestros servicios. Esto incluye, pero no se limita a:<\/p>\n<ul data-start=\"3619\" data-end=\"3865\">\n<li data-start=\"3619\" data-end=\"3668\">\n<p data-start=\"3621\" data-end=\"3668\">Retraso en los planes de viaje o alteraci\u00f3n del itinerario<\/p>\n<\/li>\n<li data-start=\"3669\" data-end=\"3711\">\n<p data-start=\"3671\" data-end=\"3711\">Denegaci\u00f3n de entrada o denegaci\u00f3n de eTA por el IRCC<\/p>\n<\/li>\n<li data-start=\"3712\" data-end=\"3765\">\n<p data-start=\"3714\" data-end=\"3765\">Dificultades t\u00e9cnicas, interrupciones o errores del sistema<\/p>\n<\/li>\n<li data-start=\"3766\" data-end=\"3815\">\n<p data-start=\"3768\" data-end=\"3815\">Problemas de rendimiento de plataformas de terceros<\/p>\n<\/li>\n<li data-start=\"3816\" data-end=\"3865\">\n<p data-start=\"3818\" data-end=\"3865\">Cat\u00e1strofes naturales u otros acontecimientos de fuerza mayor<\/p>\n<\/li>\n<\/ul>\n<p data-start=\"3867\" data-end=\"3923\">Los usuarios acceden y utilizan nuestra plataforma bajo su propia responsabilidad.<\/p>\n<hr data-start=\"3925\" data-end=\"3928\">\n<h3 data-start=\"3930\" data-end=\"3966\">6. Enlaces a sitios web de terceros<\/h3>\n<p data-start=\"3968\" data-end=\"4223\">Este sitio web puede contener enlaces a sitios web de terceros facilitados para su comodidad. No supervisamos, controlamos ni garantizamos la exactitud, pertinencia o disponibilidad de los contenidos de esas plataformas externas. La inclusi\u00f3n de un enlace no implica su aprobaci\u00f3n.<\/p>\n<p data-start=\"4225\" data-end=\"4338\">La visita a sitios web de terceros se realiza a discreci\u00f3n del usuario y est\u00e1 sujeta a sus propias condiciones y pol\u00edticas de privacidad.<\/p>\n<hr data-start=\"4340\" data-end=\"4343\">\n<h3 data-start=\"4345\" data-end=\"4373\">7. Responsabilidades del usuario<\/h3>\n<p data-start=\"4375\" data-end=\"4461\">Al utilizar nuestro sitio web o nuestros servicios, usted acepta las siguientes responsabilidades:<\/p>\n<ul data-start=\"4463\" data-end=\"4756\">\n<li data-start=\"4463\" data-end=\"4539\">\n<p data-start=\"4465\" data-end=\"4539\">Proporcionar informaci\u00f3n personal y de viaje veraz, completa y exacta<\/p>\n<\/li>\n<li data-start=\"4540\" data-end=\"4621\">\n<p data-start=\"4542\" data-end=\"4621\">Aseg\u00farese de que cumple los criterios de elegibilidad para una eTA de Canad\u00e1 antes de presentarla<\/p>\n<\/li>\n<li data-start=\"4622\" data-end=\"4756\">\n<p data-start=\"4624\" data-end=\"4756\">Reconoce que la presentaci\u00f3n de datos incorrectos o enga\u00f1osos puede dar lugar a su rechazo o a posibles consecuencias jur\u00eddicas en virtud de la legislaci\u00f3n canadiense.<\/p>\n<\/li>\n<\/ul>\n<hr data-start=\"4758\" data-end=\"4761\">\n<h3 data-start=\"4763\" data-end=\"4791\">8. Disponibilidad de la plataforma<\/h3>\n<p data-start=\"4793\" data-end=\"5061\">Nos esforzamos por ofrecer un acceso ininterrumpido a nuestro sitio web y a sus servicios. Sin embargo, pueden producirse interrupciones temporales debido al mantenimiento del sistema, problemas t\u00e9cnicos, interrupciones de servicios de terceros o factores externos. Por ello, no puede garantizarse una disponibilidad continua.<\/p>\n<hr data-start=\"5063\" data-end=\"5066\">\n<h3 data-start=\"5068\" data-end=\"5094\">9. 9. Aceptaci\u00f3n de las condiciones<\/h3>\n<p data-start=\"5096\" data-end=\"5427\">Al utilizar este sitio web, usted confirma que ha le\u00eddo, entendido y aceptado el contenido de esta cl\u00e1usula de exenci\u00f3n de responsabilidad, adem\u00e1s de nuestro&nbsp;<a href=\"https:\/\/evisacan.com\/es\/terms-and-conditions-2\/\" target=\"_blank\">Condiciones generales<\/a>,&nbsp;<a href=\"https:\/\/evisacan.com\/es\/privacy-policy-2\/\" target=\"_blank\">Pol\u00edtica de privacidad<\/a>,&nbsp;<a href=\"https:\/\/evisacan.com\/es\/cookie-policy-2\/\" target=\"_blank\">Pol\u00edtica de cookies<\/a>y&nbsp;<a href=\"https:\/\/evisacan.com\/es\/payment-refund-and-cancellation-policy-2\/\" target=\"_blank\">Pol\u00edtica de pago, reembolso y cancelaci\u00f3n<\/a>. Si no acepta estas condiciones, abst\u00e9ngase de utilizar nuestro sitio web o nuestros servicios.<\/p>\n<hr data-start=\"5429\" data-end=\"5432\">\n<h2 data-start=\"5434\" data-end=\"5456\">Informaci\u00f3n de contacto<\/h2>\n<p data-start=\"5458\" data-end=\"5537\">Para cualquier pregunta o duda relacionada con este descargo de responsabilidad, p\u00f3ngase en contacto con nosotros en:<\/p>\n<p data-start=\"5539\" data-end=\"5653\"><strong data-start=\"5539\" data-end=\"5551\">Sebe Inc<\/strong><br data-start=\"5551\" data-end=\"5554\">Calle Lorridge, 51<br data-start=\"5568\" data-end=\"5571\">Richmond Hill, ON<br data-start=\"5588\" data-end=\"5591\">Tel\u00e9fono: <strong data-start=\"5598\" data-end=\"5619\">+1 (613) 510 1143<\/strong><br data-start=\"5619\" data-end=\"5622\">Correo electr\u00f3nico: <strong data-start=\"5629\" data-end=\"5653\"><a class=\"cursor-pointer\" rel=\"noopener\" data-start=\"5631\" data-end=\"5651\">support@evisacan.com<\/a><\/strong><\/p>\t\t\t\t\t\t\t\t<\/div>\n\t\t\t\t<\/div>\n\t\t\t\t\t<\/div>\n\t\t\t\t<\/div>\n\t\t\t\t<\/div>","protected":false},"excerpt":{"rendered":"<p>Disclaimer Important Notice: Sebe Inc. operates as an independent application platform and is not affiliated with the Government of Canada. Travelers may choose to apply for their Canada eTA directly through the official government website at without utilizing our platform or incurring any service-related fees. Updated: June 21, 2025 This Disclaimer (\u201cDisclaimer\u201d) applies to the [&hellip;]<\/p>","protected":false},"author":1,"featured_media":0,"parent":0,"menu_order":0,"comment_status":"closed","ping_status":"closed","template":"","meta":{"footnotes":""},"class_list":["post-141","page","type-page","status-publish","hentry"],"_links":{"self":[{"href":"https:\/\/evisacan.com\/es\/wp-json\/wp\/v2\/pages\/141","targetHints":{"allow":["GET"]}}],"collection":[{"href":"https:\/\/evisacan.com\/es\/wp-json\/wp\/v2\/pages"}],"about":[{"href":"https:\/\/evisacan.com\/es\/wp-json\/wp\/v2\/types\/page"}],"author":[{"embeddable":true,"href":"https:\/\/evisacan.com\/es\/wp-json\/wp\/v2\/users\/1"}],"replies":[{"embeddable":true,"href":"https:\/\/evisacan.com\/es\/wp-json\/wp\/v2\/comments?post=141"}],"version-history":[{"count":10,"href":"https:\/\/evisacan.com\/es\/wp-json\/wp\/v2\/pages\/141\/revisions"}],"predecessor-version":[{"id":349,"href":"https:\/\/evisacan.com\/es\/wp-json\/wp\/v2\/pages\/141\/revisions\/349"}],"wp:attachment":[{"href":"https:\/\/evisacan.com\/es\/wp-json\/wp\/v2\/media?parent=141"}],"curies":[{"name":"wp","href":"https:\/\/api.w.org\/{rel}","templated":true}]}}